{"id":113,"date":"2017-08-27T06:25:30","date_gmt":"2017-08-27T06:25:30","guid":{"rendered":"http:\/\/weingut-andreas-hery.de\/?page_id=113"},"modified":"2026-04-20T14:09:59","modified_gmt":"2026-04-20T14:09:59","slug":"home","status":"publish","type":"page","link":"https:\/\/weingut-andreas-hery.de\/","title":{"rendered":"Unser Weingut"},"content":{"rendered":"<div class=\"n2-has-copy n2-code n2-ss-slider-shortcode-id\"><\/div>\n<div><\/div>\n<div><\/div>\n<hr \/>\n<p>Das Weingut ist ein Familienbetrieb und liegt an der s\u00fcdlichen Weinstra\u00dfe, im Dorf B\u00f6chingen.<\/p>\n<p>Gef\u00fchrt wird das Weingut von Andreas Hery, staatlich gepr\u00fcfter Wirtschafter \u2013 Fachrichtung Weinbau und Oenologie.<\/p>\n<p>Unterst\u00fctzt in seiner t\u00e4glichen Arbeit wird er von seiner Frau Miriam und den Kindern Madlen und Paul.<\/p>\n<p>Wir sch\u00e4tzen die alten Tradtionen und Rebsorten, haben Spa\u00df daran, vieles neues auszuprobieren und unser Sortiment mit der Zeit gehen zu lassen, ohne die &#8222;alten&#8220; Klassiker zu vergessen.<\/p>\n<p>Neugierig geworden?<\/p>\n<p>Dann st\u00f6bern sie doch in unserem Online-Shop oder kommen im Weingut vorbei.<\/p>\n<p>Wir freuen uns.<\/p>\n<h2><\/h2>\n<p>&nbsp;<\/p>\n<hr \/>\n<h2 id=\"oeffnungszeiten\">\u00d6ffnungszeiten des Weinguts f\u00fcr Selbstabholer ab Januar 2024<\/h2>\n<ul>\n<li>Dienstags: \u00a0 \u00a0 \u00a0\u00a0 14.00 &#8211; 18.00 Uhr<\/li>\n<li>Mittwochs:\u00a0\u00a0\u00a0 \u00a0\u00a0 14.00 &#8211; 18.00 Uhr<\/li>\n<li>Donnerstags:\u00a0 10.00 &#8211; 13.00 Uhr<\/li>\n<li>Freitags: \u00a0 \u00a0 \u00a0 \u00a0\u00a0\u00a0 10.00 &#8211; 13.00 Uhr<\/li>\n<li>Samstag:\u00a0\u00a0\u00a0\u00a0\u00a0\u00a0\u00a0 \u00a0 10.00 &#8211; 13.00 Uhr<\/li>\n<li>An Feiertagen und au\u00dferhalb der \u00d6ffnungszeiten bitten wir um terminliche Absprache per Telefon oder e-Mail<\/li>\n<\/ul>\n<p>Das Weingut ist f\u00fcr Selbstabholer je eine Woche in den Oster-, Sommer-, Herbst und Weihnachtsferien (RLP) geschlossen. Die genauen Daten finden sie immer auf unserer Internetseite.<\/p>\n<p>&nbsp;<\/p>\n<hr \/>\n<h2>Probieren geht \u00fcber studieren<\/h2>\n<p>verkosten Sie unsere Weine im gem\u00fctlichen Probierst\u00fcbchen.<\/p>\n<p><img loading=\"lazy\" decoding=\"async\" class=\"aligncenter wp-image-2159 size-full\" src=\"https:\/\/weingut-andreas-hery.de\/wp-content\/uploads\/2024\/10\/Slider_Weingut_Probierstuebchen_1920x960px3.jpg\" alt=\"\" width=\"1920\" height=\"960\" srcset=\"https:\/\/weingut-andreas-hery.de\/wp-content\/uploads\/2024\/10\/Slider_Weingut_Probierstuebchen_1920x960px3.jpg 1920w, https:\/\/weingut-andreas-hery.de\/wp-content\/uploads\/2024\/10\/Slider_Weingut_Probierstuebchen_1920x960px3-300x150.jpg 300w, https:\/\/weingut-andreas-hery.de\/wp-content\/uploads\/2024\/10\/Slider_Weingut_Probierstuebchen_1920x960px3-1024x512.jpg 1024w, https:\/\/weingut-andreas-hery.de\/wp-content\/uploads\/2024\/10\/Slider_Weingut_Probierstuebchen_1920x960px3-768x384.jpg 768w, https:\/\/weingut-andreas-hery.de\/wp-content\/uploads\/2024\/10\/Slider_Weingut_Probierstuebchen_1920x960px3-1536x768.jpg 1536w, https:\/\/weingut-andreas-hery.de\/wp-content\/uploads\/2024\/10\/Slider_Weingut_Probierstuebchen_1920x960px3-416x208.jpg 416w\" sizes=\"auto, (max-width: 1920px) 100vw, 1920px\" \/><\/p>\n<h4><\/h4>\n","protected":false},"excerpt":{"rendered":"<p>Das Weingut ist ein Familienbetrieb und liegt an der s\u00fcdlichen Weinstra\u00dfe, im Dorf B\u00f6chingen. Gef\u00fchrt wird das Weingut von Andreas Hery, staatlich gepr\u00fcfter Wirtschafter \u2013 Fachrichtung Weinbau und Oenologie. Unterst\u00fctzt in seiner t\u00e4glichen Arbeit wird er von seiner Frau Miriam und den Kindern Madlen und Paul. Wir sch\u00e4tzen die alten Tradtionen und Rebsorten, haben Spa\u00df [&hellip;]<\/p>\n","protected":false},"author":1,"featured_media":0,"parent":0,"menu_order":0,"comment_status":"closed","ping_status":"closed","template":"","meta":{"footnotes":""},"class_list":["post-113","page","type-page","status-publish","hentry"],"_links":{"self":[{"href":"https:\/\/weingut-andreas-hery.de\/index.php?rest_route=\/wp\/v2\/pages\/113","targetHints":{"allow":["GET"]}}],"collection":[{"href":"https:\/\/weingut-andreas-hery.de\/index.php?rest_route=\/wp\/v2\/pages"}],"about":[{"href":"https:\/\/weingut-andreas-hery.de\/index.php?rest_route=\/wp\/v2\/types\/page"}],"author":[{"embeddable":true,"href":"https:\/\/weingut-andreas-hery.de\/index.php?rest_route=\/wp\/v2\/users\/1"}],"replies":[{"embeddable":true,"href":"https:\/\/weingut-andreas-hery.de\/index.php?rest_route=%2Fwp%2Fv2%2Fcomments&post=113"}],"version-history":[{"count":210,"href":"https:\/\/weingut-andreas-hery.de\/index.php?rest_route=\/wp\/v2\/pages\/113\/revisions"}],"predecessor-version":[{"id":2689,"href":"https:\/\/weingut-andreas-hery.de\/index.php?rest_route=\/wp\/v2\/pages\/113\/revisions\/2689"}],"wp:attachment":[{"href":"https:\/\/weingut-andreas-hery.de\/index.php?rest_route=%2Fwp%2Fv2%2Fmedia&parent=113"}],"curies":[{"name":"wp","href":"https:\/\/api.w.org\/{rel}","templated":true}]}}