{"id":368,"date":"2018-05-26T07:37:43","date_gmt":"2018-05-26T07:37:43","guid":{"rendered":"http:\/\/weingut-andreas-hery.de\/?page_id=368"},"modified":"2024-03-29T14:14:25","modified_gmt":"2024-03-29T14:14:25","slug":"datenschutzerklaerung","status":"publish","type":"page","link":"https:\/\/weingut-andreas-hery.de\/?page_id=368","title":{"rendered":"Datenschutzerkl\u00e4rung"},"content":{"rendered":"<h2>Datenschutz<\/h2>\n<p>Die Betreiber dieser Seiten nehmen den Schutz deiner pers\u00f6nlichen Daten sehr ernst. Wir behandeln deine personenbezogenen Daten vertraulich und entsprechend der gesetzlichen Datenschutzvorschriften sowie dieser Datenschutzerkl\u00e4rung.<\/p>\n<p>Wenn du diese Website benutzt, werden verschiedene personenbezogene Daten erhoben. Personenbezogene Daten sind Daten, mit denen du pers\u00f6nlich identifiziert werden kannst. Die vorliegende Datenschutzerkl\u00e4rung erl\u00e4utert, welche Daten wir erheben und wof\u00fcr wir sie nutzen. Sie erl\u00e4utert auch, wie und zu welchem Zweck das geschieht.<\/p>\n<p>Wir weisen darauf hin, dass die Daten\u00fcbertragung im Internet (z.B. bei der Kommunikation per E-Mail) Sicherheitsl\u00fccken aufweisen kann. Ein l\u00fcckenloser Schutz der Daten vor dem Zugriff durch Dritte ist nicht m\u00f6glich.<\/p>\n<a  href=\"#consent-change\" role=\"button\" id=\"rcb-sc-link-change\" data-success-message=\"\" class=\"rcb-sc-link rcb-sc-link-change \">Privatsph\u00e4re-Einstellungen \u00e4ndern<\/a>\n<a  href=\"#consent-history\" role=\"button\" id=\"rcb-sc-link-history\" data-success-message=\"\" class=\"rcb-sc-link rcb-sc-link-history \">Historie der Privatsph\u00e4re-Einstellungen<\/a>\n<a  href=\"#consent-revoke\" role=\"button\" id=\"rcb-sc-link-revoke\" data-success-message=\"Du hast die Einwilligung f\u00fcr Services mit dessen Cookies und Verarbeitung personenbezogener Daten erfolgreich widerrufen. Die Seite wird jetzt neu geladen!\" class=\"rcb-sc-link rcb-sc-link-revoke \">Einwilligungen widerrufen<\/a>\n<p>Wer wir sind<\/p>\n<p>Weingut Andreas Hery<br \/>\nInhaber: Andreas Hery<br \/>\nBurrweilerer Stra\u00dfe 6 | 76833 B\u00f6chingen<br \/>\nTel: 06341 556966<br \/>\nUst.IdNr.:DE 241952434<\/p>\n<p>Die Adresse unserer Website ist: http:\/\/weingut-andreas-hery.de.<\/p>\n<h2>Welche personenbezogenen Daten wir sammeln und warum wir sie sammeln<\/h2>\n<h3>Kontaktformular<\/h3>\n<p>Auf unserer Internetseite\u00a0 ist ein Kontaktformular f\u00fcr dich vorhanden, das f\u00fcr die elektronische Kontaktaufnahme mit uns genutzt werden kann. Eine Kontaktaufnahme \u00fcber die bereitgestellte E-Mail-Adresse ist ebenfalls m\u00f6glich. Nimmst du \u00fcber einen dieser Kan\u00e4le Kontakt mit uns auf, so werden die von dir \u00fcbermittelten personenbezogenen Daten automatisch gespeichert. Die Speicherung dient allein zu Zwecken der Bearbeitung oder der Kontaktaufnahme mit dir. Eine Weitergabe der Daten an Dritte findet nicht statt.<\/p>\n<p>Die elektronische Kontaktaufnahme \u00fcber unsere Internetseite ist standardm\u00e4\u00dfig mit einer SSL-Verschl\u00fcsselung zur Gew\u00e4hrleistung eines sicheren Datentransfers versehen.<\/p>\n<h3>Cookies<\/h3>\n<p>Falls du ein Konto hast und dich auf dieser Website anmeldest, werden wir ein tempor\u00e4res Cookie setzen, um festzustellen, ob dein Browser Cookies akzeptiert. Dieses Cookie enth\u00e4lt keine personenbezogenen Daten und wird verworfen, wenn du deinen Browser schlie\u00dft.<\/p>\n<p>Wenn du dich anmeldest, werden wir einige Cookies einrichten, um deine Anmeldeinformationen und Anzeigeoptionen zu speichern. Anmelde-Cookies verfallen nach zwei Tagen und Cookies f\u00fcr die Anzeigeoptionen nach einem Jahr. Falls du bei der Anmeldung \u201eAngemeldet bleiben\u201c ausw\u00e4hlst, wird deine Anmeldung zwei Wochen lang aufrechterhalten. Mit der Abmeldung aus deinem Konto werden die Anmelde-Cookies gel\u00f6scht.<\/p>\n<p>Zur Verwaltung der eingesetzten Cookies und \u00e4hnlichen Technologien (Tracking-Pixel, Web-Beacons etc.) und diesbez\u00fcglicher Einwilligungen setzen wir das Consent Tool &#8222;Real Cookie Banner&#8220; ein. Details zur Funktionsweise von &#8222;Real Cookie Banner&#8220; findest du unter <a href=\"https:\/\/devowl.io\/de\/rcb\/datenverarbeitung\/\" target=\"_blank\" rel=\"noopener noreferrer\">https:\/\/devowl.io\/de\/rcb\/datenverarbeitung\/<\/a>.<\/p>\n<p>Rechtsgrundlagen f\u00fcr die Verarbeitung von personenbezogenen Daten in diesem Zusammenhang sind Art. 6 Abs. 1 lit. c DS-GVO und Art. 6 Abs. 1 lit. f DS-GVO. Unser berechtigtes Interesse ist die Verwaltung der eingesetzten Cookies und \u00e4hnlichen Technologien und der diesbez\u00fcglichen Einwilligungen.<\/p>\n<p>Die Bereitstellung der personenbezogenen Daten ist weder vertraglich vorgeschrieben noch f\u00fcr den Abschluss eines Vertrages notwendig. Du bist nicht verpflichtet die personenbezogenen Daten bereitzustellen. Wenn du die personenbezogenen Daten nicht bereitstellst, k\u00f6nnen wir deine Einwilligungen nicht verwalten.<\/p>\n<h3>Registrierung auf dieser Website<\/h3>\n<p>Du kannst dich auf unserer Website registrieren, um zus\u00e4tzliche Funktionen auf der Seite zu nutzen. Die dazu eingegebenen Daten verwenden wir nur zum Zwecke der Nutzung des jeweiligen Angebotes oder Dienstes, f\u00fcr den du dich registriert hast. Die bei der Registrierung abgefragten Pflichtangaben m\u00fcssen vollst\u00e4ndig angegeben werden. Anderenfalls werden wir die Registrierung ablehnen.<\/p>\n<p>F\u00fcr wichtige \u00c4nderungen etwa beim Angebotsumfang oder bei technisch notwendigen \u00c4nderungen nutzen wir die bei der Registrierung angegebene E-Mail-Adresse, um dich auf diesem Wege zu informieren.<\/p>\n<p>Die Verarbeitung der bei der Registrierung eingegebenen Daten erfolgt auf Grundlage deiner Einwilligung (Art. 6 Abs. 1 lit. a DSGVO). Du kannst eine von dir erteilte Einwilligung jederzeit widerrufen. Dazu reicht eine formlose Mitteilung per E-Mail an uns. Die Rechtm\u00e4\u00dfigkeit der bereits erfolgten Datenverarbeitung bleibt vom Widerruf unber\u00fchrt.<\/p>\n<p>Die bei der Registrierung erfassten Daten werden von uns gespeichert, solange du auf unserer Website registriert bist und werden anschlie\u00dfend gel\u00f6scht. Gesetzliche Aufbewahrungsfristen bleiben unber\u00fchrt.<\/p>\n<h3>Verarbeiten von Daten (Kunden- und Vertragsdaten)<\/h3>\n<p>Wir erheben, verarbeiten und nutzen personenbezogene Daten nur, soweit sie f\u00fcr die Begr\u00fcndung, inhaltliche Ausgestaltung oder \u00c4nderung des Rechtsverh\u00e4ltnisses erforderlich sind (Bestandsdaten). Dies erfolgt auf Grundlage von Art. 6 Abs. 1 lit. b DSGVO, der die Verarbeitung von Daten zur Erf\u00fcllung eines Vertrags oder vorvertraglicher Ma\u00dfnahmen gestattet. Personenbezogene Daten \u00fcber die Inanspruchnahme unserer Internetseiten (Nutzungsdaten) erheben, verarbeiten und nutzen wir nur, soweit dies erforderlich ist, um dem Nutzer die Inanspruchnahme des Dienstes zu erm\u00f6glichen oder abzurechnen.<\/p>\n<h2>Online Shop<\/h2>\n<p>W\u00e4hrend des Bestellprozesses sammeln wir Informationen \u00fcber dich.<\/p>\n<h3 class=\"western\">Was wir sammeln und speichern<\/h3>\n<p>W\u00e4hrend du unsere Website besuchst, zeichnen wir auf:<\/p>\n<ul>\n<li>Angesehene Produkte: Hier zeigen wir dir Produkte, die du vor Kurzem angesehen hast.<\/li>\n<li>Standort, IP-Adresse und Browser-Typ: Wir verwenden dies f\u00fcr Zwecke wie die Sch\u00e4tzung von Steuern und Versandkosten<\/li>\n<li>Versandadresse: Wir werden dich auffordern, diese anzugeben, um beispielsweise die Versandkosten bestimmen zu k\u00f6nnen, bevor du eine Bestellung aufgibst, und dir die Bestellung zusenden zu k\u00f6nnen.<\/li>\n<\/ul>\n<p>Wir nutzen auch Cookies, um den Inhalt deines Warenkorbs zu verfolgen, w\u00e4hrend du unsere Website besuchst.<\/p>\n<p>Wenn du bei uns einkaufst, werden wir dich auffordern, Informationen wie deinen Namen, deine Rechnungs- und Versandadresse, deine E-Mail-Adresse und deine Telefonnummer, Kreditkartendaten\/Zahlungsdetails sowie optionale Kontoinformationen wie Benutzername und Kennwort anzugeben. Wir nutzen diese Informationen f\u00fcr folgende Zwecke:<\/p>\n<ul>\n<li>Zusenden von Informationen \u00fcber dein Konto und Bestellung<\/li>\n<li>Antwort auf deine Anfragen, inklusive Erstattungen und Beschwerden<\/li>\n<li>Bearbeitung von Zahlungsvorg\u00e4ngen und Verhinderung von Betrug<\/li>\n<li>Einrichten deines Kontos f\u00fcr unseren Shop<\/li>\n<li>Einhaltung aller rechtlichen Verpflichtungen, beispielsweise die Steuerberechnung<\/li>\n<li>Verbesserung unsere Shop-Angebote<\/li>\n<li>Senden von Marketing-Nachrichten, wenn du diese erhalten m\u00f6chtest<\/li>\n<\/ul>\n<p>Wenn du ein Konto bei uns erstellst, speichern wir deinen Namen, deine Adresse, deine E-Mail-Adresse und deine Telefonnummer. Diese Angaben werden bei k\u00fcnftigen Bestellungen zum Ausf\u00fcllen der Bezahlinformationen verwendet.<\/p>\n<p>Wir speichern Informationen \u00fcber dich \u00fcblicherweise so lange, wie wir sie f\u00fcr den Zweck der Erfassung und Nutzung ben\u00f6tigen und verpflichtet sind, sie zu speichern. Beispielsweise speichern wir Bestellinformationen f\u00fcr 10 Jahre aus Steuer- und Abrechnungsgr\u00fcnden. Dazu geh\u00f6rt dein Name, deine E-Mail-Adresse sowie deine Rechnungs- und Versandadresse.<\/p>\n<p>Wir speichern auch Kommentare oder Bewertungen, wenn du dich dazu entscheidest diese zu hinterlassen.<\/p>\n<h3 class=\"western\">Wer aus unserem Team hat Zugang<\/h3>\n<p>Mitglieder unseres Teams haben Zugang zu den Informationen, die du uns zur Verf\u00fcgung stellst. Zum Beispiel k\u00f6nnen sowohl Administratoren als auch Shop-Manager auf Folgendes zugreifen:<\/p>\n<ul>\n<li>Bestellinformationen wie gekaufte Produkte, der Zeitpunkt des Kaufs sowie die Versandadresse und<\/li>\n<li>Kundeninformationen wie dein Name, E-Mail-Adresse, sowie Rechnungs- und Versandinformationen.<\/li>\n<\/ul>\n<p>Unsere Teammitglieder haben Zugriff auf diese Informationen, um Bestellungen zu bearbeiten, R\u00fcckerstattungen vorzunehmen und Dich zu unterst\u00fctzen.<\/p>\n<h3 class=\"western\">Was wir mit anderen teilen<\/h3>\n<p>Wir \u00fcbermitteln personenbezogene Daten an Dritte nur dann, wenn dies im Rahmen der Vertragsabwicklung notwendig ist, etwa an die mit der Lieferung der Ware betrauten Unternehmen oder das mit der Zahlungsabwicklung beauftragte Kreditinstitut. Eine weitergehende \u00dcbermittlung der Daten erfolgt nicht bzw. nur dann, wenn Sie der \u00dcbermittlung ausdr\u00fccklich zugestimmt haben. Eine Weitergabe Ihrer Daten an Dritte ohne ausdr\u00fcckliche Einwilligung, etwa zu Zwecken der Werbung, erfolgt nicht.<\/p>\n<p>Grundlage f\u00fcr die Datenverarbeitung ist Art. 6 Abs. 1 lit. b DSGVO, der die Verarbeitung von Daten zur Erf\u00fcllung eines Vertrags oder vorvertraglicher Ma\u00dfnahmen gestattet.<\/p>\n<h2>Wie lange wir deine Daten speichern<\/h2>\n<p>F\u00fcr Benutzer, die sich auf unserer Website registrieren, speichern wir zus\u00e4tzlich die pers\u00f6nlichen Informationen, die sie in ihren Benutzerprofilen angeben. Alle Benutzer k\u00f6nnen jederzeit ihre pers\u00f6nlichen Informationen einsehen, ver\u00e4ndern oder l\u00f6schen (der Benutzername kann nicht ver\u00e4ndert werden). Administratoren der Website k\u00f6nnen diese Informationen ebenfalls einsehen und ver\u00e4ndern.<\/p>\n<h2>Welche Rechte du an deinen Daten hast<\/h2>\n<p>Wenn du ein Konto auf dieser Website besitzt , kannst du einen Export deiner personenbezogenen Daten bei uns anfordern, inklusive aller Daten, die du uns mitgeteilt hast. Dar\u00fcber hinaus kannst du die L\u00f6schung aller personenbezogenen Daten, die wir von dir gespeichert haben, anfordern. Dies umfasst nicht die Daten, die wir aufgrund administrativer, rechtlicher oder sicherheitsrelevanter Notwendigkeiten aufbewahren m\u00fcssen.<\/p>\n<h2>Weitere Informationen<\/h2>\n<h3>SSL- bzw. TLS-Verschl\u00fcsselung<\/h3>\n<p>Diese Seite nutzt aus Sicherheitsgr\u00fcnden und zum Schutz der \u00dcbertragung vertraulicher Inhalte, wie zum Beispiel Bestellungen oder Anfragen, die du an uns als Seitenbetreiber sendest, eine SSL-bzw. TLS-Verschl\u00fcsselung. Eine verschl\u00fcsselte Verbindung erkennst du daran, dass die Adresszeile des Browsers von \u201chttp:\/\/\u201d auf \u201chttps:\/\/\u201d wechselt und an dem Schloss-Symbol in deiner Browserzeile.<\/p>\n<p>Wenn die SSL- bzw. TLS-Verschl\u00fcsselung aktiviert ist, k\u00f6nnen die Daten, die du an uns \u00fcbermittelst, nicht von Dritten mitgelesen werden.<\/p>\n<h3>Google Analytics<\/h3>\n<p>Diese Website nutzt Funktionen des Webanalysedienstes Google Analytics. Anbieter ist die Google Inc., 1600 Amphitheatre Parkway, Mountain View, CA 94043, USA.<\/p>\n<p>Google Analytics verwendet so genannte &#8222;Cookies&#8220;. Das sind Textdateien, die auf Ihrem Computer gespeichert werden und die eine Analyse der Benutzung der Website durch Sie erm\u00f6glichen. Die durch den Cookie erzeugten Informationen \u00fcber Ihre Benutzung dieser Website werden in der Regel an einen Server von Google in den USA \u00fcbertragen und dort gespeichert.<\/p>\n<p>Die Speicherung von Google-Analytics-Cookies erfolgt auf Grundlage von Art. 6 Abs. 1 lit. f DSGVO. Der Websitebetreiber hat ein berechtigtes Interesse an der Analyse des Nutzerverhaltens, um sowohl sein Webangebot als auch seine Werbung zu optimieren.<\/p>\n<h3>Welche Ma\u00dfnahmen wir bei Datenschutzverletzungen anbieten<\/h3>\n<p>Im Falle datenschutzrechtlicher Verst\u00f6\u00dfe steht dem Betroffenen ein Beschwerderecht bei der zust\u00e4ndigen Aufsichtsbeh\u00f6rde zu. Zust\u00e4ndige Aufsichtsbeh\u00f6rde in datenschutzrechtlichen Fragen ist der Landesdatenschutzbeauftragte des Bundeslandes, in dem unser Unternehmen seinen Sitz hat. Eine Liste der Datenschutzbeauftragten sowie deren Kontaktdaten k\u00f6nnen folgendem Link entnommen werden: <a href=\"https:\/\/www.bfdi.bund.de\/DE\/Infothek\/Anschriften_Links\/anschriften_links-node.html\" target=\"_blank\" rel=\"noopener\">https:\/\/www.bfdi.bund.de\/DE\/Infothek\/Anschriften_Links\/anschriften_links-node.html<\/a>.<\/p>\n<h3><\/h3>\n","protected":false},"excerpt":{"rendered":"<p>Datenschutz Die Betreiber dieser Seiten nehmen den Schutz deiner pers\u00f6nlichen Daten sehr ernst. Wir behandeln deine personenbezogenen Daten vertraulich und entsprechend der gesetzlichen Datenschutzvorschriften sowie dieser Datenschutzerkl\u00e4rung. Wenn du diese Website benutzt, werden verschiedene personenbezogene Daten erhoben. Personenbezogene Daten sind Daten, mit denen du pers\u00f6nlich identifiziert werden kannst. Die vorliegende Datenschutzerkl\u00e4rung erl\u00e4utert, welche Daten wir [&hellip;]<\/p>\n","protected":false},"author":1,"featured_media":0,"parent":0,"menu_order":0,"comment_status":"closed","ping_status":"closed","template":"","meta":{"footnotes":""},"class_list":["post-368","page","type-page","status-publish","hentry"],"_links":{"self":[{"href":"https:\/\/weingut-andreas-hery.de\/index.php?rest_route=\/wp\/v2\/pages\/368","targetHints":{"allow":["GET"]}}],"collection":[{"href":"https:\/\/weingut-andreas-hery.de\/index.php?rest_route=\/wp\/v2\/pages"}],"about":[{"href":"https:\/\/weingut-andreas-hery.de\/index.php?rest_route=\/wp\/v2\/types\/page"}],"author":[{"embeddable":true,"href":"https:\/\/weingut-andreas-hery.de\/index.php?rest_route=\/wp\/v2\/users\/1"}],"replies":[{"embeddable":true,"href":"https:\/\/weingut-andreas-hery.de\/index.php?rest_route=%2Fwp%2Fv2%2Fcomments&post=368"}],"version-history":[{"count":9,"href":"https:\/\/weingut-andreas-hery.de\/index.php?rest_route=\/wp\/v2\/pages\/368\/revisions"}],"predecessor-version":[{"id":1907,"href":"https:\/\/weingut-andreas-hery.de\/index.php?rest_route=\/wp\/v2\/pages\/368\/revisions\/1907"}],"wp:attachment":[{"href":"https:\/\/weingut-andreas-hery.de\/index.php?rest_route=%2Fwp%2Fv2%2Fmedia&parent=368"}],"curies":[{"name":"wp","href":"https:\/\/api.w.org\/{rel}","templated":true}]}}