{"id":9,"date":"2017-08-14T05:49:49","date_gmt":"2017-08-14T05:49:49","guid":{"rendered":"http:\/\/weingut-andreas-hery.de\/?page_id=9"},"modified":"2017-10-29T23:13:20","modified_gmt":"2017-10-29T23:13:20","slug":"impressum","status":"publish","type":"page","link":"https:\/\/weingut-andreas-hery.de\/?page_id=9","title":{"rendered":"Impressum"},"content":{"rendered":"<p>Weingut Andreas Hery<br \/>\nInhaber:\u00a0Andreas Hery<br \/>\nBurrweilerer Stra\u00dfe 6\u00a0 |\u00a0\u00a076833 B\u00f6chingen<br \/>\nTel: 06341 556966<br \/>\nUst.IdNr.:DE 241952434<\/p>\n<p>Wir geh\u00f6ren der Landwirtschaftskammer<br \/>\nRheinland-Pfalz an, gesetzliche Grundlage ist das Weingesetz.<br \/>\nMinisterium f\u00fcr Wirtschaft, Verkehr, Landwirtschaft und Weinbau<br \/>\nStiftsstra\u00dfe 9, 55116 Mainz<\/p>\n<h3>Fotos<\/h3>\n<p>Miriam Hery<\/p>\n<h3>Copyright<\/h3>\n<p>Alle Inhalte der Homepage www.weingut-andreas-hery.de sind allein f\u00fcr die pers\u00f6nliche Information und nicht f\u00fcr den kommerziellen Gebrauch bestimmt.<br \/>\nEine Verwendung oder Vervielf\u00e4ltigung von Text- und Bildmaterialien in Online- oder Print-Medien zur kommerziellen Nutzung ist ohne Zustimmung der Inhaber des Weinguts Andreas Hery untersagt.<\/p>\n<h3>Haftungsausschluss<\/h3>\n<p>Haftung f\u00fcr Inhalte<\/p>\n<p>Die Inhalte unserer Seiten wurden mit gr\u00f6\u00dfter Sorgfalt erstellt. F\u00fcr die Richtigkeit, Vollst\u00e4ndigkeit und Aktualit\u00e4t der Inhalte k\u00f6nnen wir jedoch keine Gew\u00e4hr \u00fcbernehmen. Als Diensteanbieter sind wir gem\u00e4\u00df \u00a7 7 Abs.1 TMG f\u00fcr eigene Inhalte auf diesen Seiten nach den allgemeinen Gesetzen verantwortlich. Nach \u00a7 8 bis 10 TMG sind wir als Diensteanbieter jedoch nicht verpflichtet, \u00fcbermittelte oder gespeicherte Informationen aus fremden Quellen zu \u00fcberwachen oder zu Ermitteln, ob eine rechtswidrige T\u00e4tigkeit vorliegt. Verpflichtungen zur Entfernung oder Sperrung der Nutzung von rechtswidrigen Informationen nach den aktuellen Gesetzen bleiben hiervon unber\u00fchrt. Eine diesbez\u00fcgliche Haftung ist jedoch erst ab dem Zeitpunkt der Kenntnis einer konkreten Rechtsverletzung m\u00f6glich. Bei Bekanntwerden einer Rechtsverletzung werden wir die betreffenden Inhalte umgehend entfernen.<\/p>\n<p>Haftung f\u00fcr Links<\/p>\n<p>Unser Angebot enth\u00e4lt m\u00f6glicherweise Links zu externen Webseiten Dritter, auf deren Inhalte wir keinen Einfluss haben. Aus diesem Grund \u00fcbernehmen wir f\u00fcr diese fremden Inhalte keine Gew\u00e4hr. F\u00fcr die Inhalte der verlinkten Seiten ist immer der jeweilige Anbieter oder Betreiber der Seiten verantwortlich. Die verlinkten Seiten wurden zum Zeitpunkt der Verlinkung auf m\u00f6gliche Rechtsverst\u00f6\u00dfe \u00fcberpr\u00fcft. Rechtswidrige Inhalte waren zu diesem Zeitpunkt nicht erkennbar. Eine permanente inhaltliche Kontrolle der verlinkten Seiten ist jedoch ohne konkrete Anhaltspunkte einer Rechtsverletzung nicht zumutbar. Bei Bekanntwerden von Rechtsverletzungen werden wir diese Links umgehend entfernen.<\/p>\n<p>Urheberrecht<\/p>\n<p>Die durch die Seitenbetreiber erstellten Inhalte und Werke auf diesen Seiten unterliegen dem deutschen Urheberrecht. Die Vervielf\u00e4ltigung, Bearbeitung, Verbreitung und jede Art der Verwertung au\u00dferhalb der Grenzen des Urheberrechtes bed\u00fcrfen der schriftlichen Zustimmung des jeweiligen Autors bzw. Erstellers. Downloads und Kopien dieser Seite sind ausschlie\u00dflich f\u00fcr den privaten, nicht kommerziellen Gebrauch erlaubt. Soweit die Inhalte auf dieser Seite nicht vom Betreiber, sondern von Dritten erstellt wurden, werden deren Urheberrechte beachtet. Inhalte Dritter werden als solche gekennzeichnet. Falls Sie auf eine Urheberrechtsverletzung in unseren Seiten aufmerksam werden, bitten wir um einen entsprechenden Hinweis. Bei Bekanntwerden von Rechtsverletzungen werden wir derartige Inhalte umgehend entfernen.<\/p>\n<p>&nbsp;<\/p>\n","protected":false},"excerpt":{"rendered":"<p>Weingut Andreas Hery Inhaber:\u00a0Andreas Hery Burrweilerer Stra\u00dfe 6\u00a0 |\u00a0\u00a076833 B\u00f6chingen Tel: 06341 556966 Ust.IdNr.:DE 241952434 Wir geh\u00f6ren der Landwirtschaftskammer Rheinland-Pfalz an, gesetzliche Grundlage ist das Weingesetz. Ministerium f\u00fcr Wirtschaft, Verkehr, Landwirtschaft und Weinbau Stiftsstra\u00dfe 9, 55116 Mainz Fotos Miriam Hery Copyright Alle Inhalte der Homepage www.weingut-andreas-hery.de sind allein f\u00fcr die pers\u00f6nliche Information und nicht f\u00fcr [&hellip;]<\/p>\n","protected":false},"author":1,"featured_media":0,"parent":0,"menu_order":0,"comment_status":"closed","ping_status":"closed","template":"","meta":{"footnotes":""},"class_list":["post-9","page","type-page","status-publish","hentry"],"_links":{"self":[{"href":"https:\/\/weingut-andreas-hery.de\/index.php?rest_route=\/wp\/v2\/pages\/9","targetHints":{"allow":["GET"]}}],"collection":[{"href":"https:\/\/weingut-andreas-hery.de\/index.php?rest_route=\/wp\/v2\/pages"}],"about":[{"href":"https:\/\/weingut-andreas-hery.de\/index.php?rest_route=\/wp\/v2\/types\/page"}],"author":[{"embeddable":true,"href":"https:\/\/weingut-andreas-hery.de\/index.php?rest_route=\/wp\/v2\/users\/1"}],"replies":[{"embeddable":true,"href":"https:\/\/weingut-andreas-hery.de\/index.php?rest_route=%2Fwp%2Fv2%2Fcomments&post=9"}],"version-history":[{"count":5,"href":"https:\/\/weingut-andreas-hery.de\/index.php?rest_route=\/wp\/v2\/pages\/9\/revisions"}],"predecessor-version":[{"id":283,"href":"https:\/\/weingut-andreas-hery.de\/index.php?rest_route=\/wp\/v2\/pages\/9\/revisions\/283"}],"wp:attachment":[{"href":"https:\/\/weingut-andreas-hery.de\/index.php?rest_route=%2Fwp%2Fv2%2Fmedia&parent=9"}],"curies":[{"name":"wp","href":"https:\/\/api.w.org\/{rel}","templated":true}]}}