{"id":1095,"date":"2021-02-03T17:33:59","date_gmt":"2021-02-03T17:33:59","guid":{"rendered":"https:\/\/weingut-andreas-hery.de\/?post_type=product&#038;p=1095"},"modified":"2024-11-29T06:57:39","modified_gmt":"2024-11-29T06:57:39","slug":"obstler-aus-aepfel-und-birnen","status":"publish","type":"product","link":"https:\/\/weingut-andreas-hery.de\/?product=obstler-aus-aepfel-und-birnen","title":{"rendered":"Obstler aus \u00c4pfel und Birnen"},"content":{"rendered":"<ul>\n<li>Fr\u00fcchte aus eigenen Anbau, die von der Pf\u00e4lzer Sonne verw\u00f6hnt wurden.<\/li>\n<\/ul>\n<h5>1 L &#8211; 40 % vol.<\/h5>\n","protected":false},"excerpt":{"rendered":"<p>Fr\u00fcchte aus eigenen Anbau, die von der Pf\u00e4lzer Sonne verw\u00f6hnt wurden.<\/p>\n<h5>40 % vol.<\/h5>\n","protected":false},"featured_media":1084,"comment_status":"open","ping_status":"closed","template":"","meta":[],"product_brand":[],"product_cat":[80],"product_tag":[],"class_list":{"0":"post-1095","1":"product","2":"type-product","3":"status-publish","4":"has-post-thumbnail","6":"product_cat-edelbraende","8":"first","9":"instock","10":"taxable","11":"shipping-taxable","12":"purchasable","13":"product-type-simple"},"_links":{"self":[{"href":"https:\/\/weingut-andreas-hery.de\/index.php?rest_route=\/wp\/v2\/product\/1095","targetHints":{"allow":["GET"]}}],"collection":[{"href":"https:\/\/weingut-andreas-hery.de\/index.php?rest_route=\/wp\/v2\/product"}],"about":[{"href":"https:\/\/weingut-andreas-hery.de\/index.php?rest_route=\/wp\/v2\/types\/product"}],"replies":[{"embeddable":true,"href":"https:\/\/weingut-andreas-hery.de\/index.php?rest_route=%2Fwp%2Fv2%2Fcomments&post=1095"}],"wp:featuredmedia":[{"embeddable":true,"href":"https:\/\/weingut-andreas-hery.de\/index.php?rest_route=\/wp\/v2\/media\/1084"}],"wp:attachment":[{"href":"https:\/\/weingut-andreas-hery.de\/index.php?rest_route=%2Fwp%2Fv2%2Fmedia&parent=1095"}],"wp:term":[{"taxonomy":"product_brand","embeddable":true,"href":"https:\/\/weingut-andreas-hery.de\/index.php?rest_route=%2Fwp%2Fv2%2Fproduct_brand&post=1095"},{"taxonomy":"product_cat","embeddable":true,"href":"https:\/\/weingut-andreas-hery.de\/index.php?rest_route=%2Fwp%2Fv2%2Fproduct_cat&post=1095"},{"taxonomy":"product_tag","embeddable":true,"href":"https:\/\/weingut-andreas-hery.de\/index.php?rest_route=%2Fwp%2Fv2%2Fproduct_tag&post=1095"}],"curies":[{"name":"wp","href":"https:\/\/api.w.org\/{rel}","templated":true}]}}