{"id":1624,"date":"2023-05-05T11:03:25","date_gmt":"2023-05-05T11:03:25","guid":{"rendered":"https:\/\/weingut-andreas-hery.de\/?post_type=product&#038;p=1624"},"modified":"2026-04-17T03:55:14","modified_gmt":"2026-04-17T03:55:14","slug":"souvignier-gris-2022er","status":"publish","type":"product","link":"https:\/\/weingut-andreas-hery.de\/?product=souvignier-gris-2022er","title":{"rendered":"Souvignier gris, 2024er"},"content":{"rendered":"<ul>\n<li>Souvignier gris ist eine PiWi-Sorte, d.h. sie ist eine pilzwiderstandsf\u00e4hige Wei\u00dfweinsorte, bei der keine Pflanzenschutzma\u00dfnahmen notwendig sind<\/li>\n<li>Er duftet nach Melone, Quitte und Pfirsich<\/li>\n<li>feine Rests\u00fc\u00dfe und milde S\u00e4ure<\/li>\n<li>Er ist sehr vielseitig und passt somit zu herzhaften aber auch zu s\u00fc\u00dflichen Speisen<\/li>\n<\/ul>\n<h5>0,75 L &#8211; 9,5 % vol. &#8211; enth\u00e4lt Sulfite<\/h5>\n<p>&nbsp;<\/p>\n\n<table id=\"tablepress-10\" class=\"tablepress tablepress-id-10\">\n<thead>\n<tr class=\"row-1\">\n\t<th colspan=\"2\" class=\"column-1\">N\u00e4hrwertangabe je 100 ml<\/th>\n<\/tr>\n<\/thead>\n<tbody class=\"row-striping row-hover\">\n<tr class=\"row-2\">\n\t<td class=\"column-1\">Brennwert<\/td><td class=\"column-2\">341kJ(82kcal)<\/td>\n<\/tr>\n<tr class=\"row-3\">\n\t<td class=\"column-1\">Kohlenhydrate<\/td><td class=\"column-2\">6,5g<\/td>\n<\/tr>\n<tr class=\"row-4\">\n\t<td class=\"column-1\">davon Zucker<\/td><td class=\"column-2\">6,0g<\/td>\n<\/tr>\n<tr class=\"row-5\">\n\t<td class=\"column-1\">Enth\u00e4lt geringf\u00fcgige Mengen von Fett, ges\u00e4ttigten Fetts\u00e4uren, Eiwei\u00df und Salz<br \/>\nZutaten: Trauben, Saccharose, Konservierungsstoffe und <br \/>\nAntioxidantien: Sulfite, Metaweins\u00e4ure<\/td><td class=\"column-2\"><\/td>\n<\/tr>\n<\/tbody>\n<\/table>\n<!-- #tablepress-10 from cache -->\n","protected":false},"excerpt":{"rendered":"<p>Aromatisch, w\u00fcrzig, blumig<\/p>\n<h5>9,5 % vol. &#8211; enth\u00e4lt Sulfite<\/h5>\n","protected":false},"featured_media":2589,"comment_status":"open","ping_status":"closed","template":"","meta":[],"product_brand":[],"product_cat":[32],"product_tag":[],"class_list":{"0":"post-1624","1":"product","2":"type-product","3":"status-publish","4":"has-post-thumbnail","6":"product_cat-weissweine","8":"first","9":"instock","10":"taxable","11":"shipping-taxable","12":"purchasable","13":"product-type-simple"},"_links":{"self":[{"href":"https:\/\/weingut-andreas-hery.de\/index.php?rest_route=\/wp\/v2\/product\/1624","targetHints":{"allow":["GET"]}}],"collection":[{"href":"https:\/\/weingut-andreas-hery.de\/index.php?rest_route=\/wp\/v2\/product"}],"about":[{"href":"https:\/\/weingut-andreas-hery.de\/index.php?rest_route=\/wp\/v2\/types\/product"}],"replies":[{"embeddable":true,"href":"https:\/\/weingut-andreas-hery.de\/index.php?rest_route=%2Fwp%2Fv2%2Fcomments&post=1624"}],"wp:featuredmedia":[{"embeddable":true,"href":"https:\/\/weingut-andreas-hery.de\/index.php?rest_route=\/wp\/v2\/media\/2589"}],"wp:attachment":[{"href":"https:\/\/weingut-andreas-hery.de\/index.php?rest_route=%2Fwp%2Fv2%2Fmedia&parent=1624"}],"wp:term":[{"taxonomy":"product_brand","embeddable":true,"href":"https:\/\/weingut-andreas-hery.de\/index.php?rest_route=%2Fwp%2Fv2%2Fproduct_brand&post=1624"},{"taxonomy":"product_cat","embeddable":true,"href":"https:\/\/weingut-andreas-hery.de\/index.php?rest_route=%2Fwp%2Fv2%2Fproduct_cat&post=1624"},{"taxonomy":"product_tag","embeddable":true,"href":"https:\/\/weingut-andreas-hery.de\/index.php?rest_route=%2Fwp%2Fv2%2Fproduct_tag&post=1624"}],"curies":[{"name":"wp","href":"https:\/\/api.w.org\/{rel}","templated":true}]}}