{"id":207,"date":"2017-09-09T06:34:43","date_gmt":"2017-09-09T06:34:43","guid":{"rendered":"http:\/\/weingut-andreas-hery.de\/?post_type=product&#038;p=207"},"modified":"2026-04-01T00:16:21","modified_gmt":"2026-04-01T00:16:21","slug":"probierpaket-weisswein-trocken","status":"publish","type":"product","link":"https:\/\/weingut-andreas-hery.de\/?product=probierpaket-weisswein-trocken","title":{"rendered":"Probierpaket Weisswein trocken, 4 Flaschen"},"content":{"rendered":"<h5><strong>In diesem Paket vereinen sich vier aromatische, fruchtige Weissweine, die verschiedene Aromen wie Zitrus- Apfel- und Walnussaromen aufweisen. Es beinhaltet den perfekten Schorlewein- Riesling, den goldgelben Chardonnay, den fruchtigen, s\u00e4urearmen Grauburgunder und den fruchtigen Sauvignon blanc.<\/strong><\/h5>\n<h3>Riesling QbA trocken, 1 L<\/h3>\n<ul>\n<li>Wurde 1435 gez\u00fcchtet<\/li>\n<li>Kein anderes Land steht so f\u00fcr den Riesling wie Deutschland<\/li>\n<li>Sch\u00f6ne S\u00e4ure und zeichnet sich durch seine Apfel-und Zitrusaromen aus<\/li>\n<li>Er ist der perfekte &#8222;Schorlewein&#8220;<\/li>\n<li>Sp\u00e4treife Sorte<\/li>\n<\/ul>\n<h5>12,5 % vol. &#8211; enth\u00e4lt Sulfite<\/h5>\n\n<table id=\"tablepress-14\" class=\"tablepress tablepress-id-14\">\n<thead>\n<tr class=\"row-1\">\n\t<th colspan=\"2\" class=\"column-1\">N\u00e4hrwertangabe je 100 ml<\/th>\n<\/tr>\n<\/thead>\n<tbody class=\"row-striping row-hover\">\n<tr class=\"row-2\">\n\t<td class=\"column-1\">Brennwert<\/td><td class=\"column-2\">320kJ\/76kcal<\/td>\n<\/tr>\n<tr class=\"row-3\">\n\t<td class=\"column-1\">Kohlenhydrate<\/td><td class=\"column-2\">1,2g<\/td>\n<\/tr>\n<tr class=\"row-4\">\n\t<td class=\"column-1\">davon Zucker<\/td><td class=\"column-2\">0,5g<\/td>\n<\/tr>\n<tr class=\"row-5\">\n\t<td class=\"column-1\">Enth\u00e4lt geringf\u00fcgige Mengen von Fett, ges\u00e4ttigten Fetts\u00e4uren, Eiwei\u00df und Salz<br \/>\nZutaten: Trauben, Saccharose, Konservierungsstoffe und <br \/>\nAntioxidantien: Sulfite, Metaweins\u00e4ure<\/td><td class=\"column-2\"><\/td>\n<\/tr>\n<\/tbody>\n<\/table>\n<!-- #tablepress-14 from cache -->\n<h3>Chardonnay kabinett trocken, 1 L<\/h3>\n<ul>\n<li>Stammt aus Frankreich, hat den abgeleiteten Namen einer kleinen Gemeinde in Frankreich<\/li>\n<li>weltweit verbreitete Wei\u00dfweinsorte<\/li>\n<li>Typisch ist sein Geschmack nach Walnuss und Apfel.<\/li>\n<li>Er hat eine sch\u00f6ne S\u00e4ure und eine goldgelbe Farbe<\/li>\n<li>Passt gut zu Suppen, Fisch, Gem\u00fcse und Gefl\u00fcgel<\/li>\n<\/ul>\n<h5>13 % vol. &#8211; enth\u00e4lt Sulfite<\/h5>\n<h3>Grauer Burgunder Kabinett trocken, 0,75 L<\/h3>\n<ul>\n<li>Wurde fr\u00fcher als Rul\u00e4nder und heute auch gerne als Pinot Grigio bezeichnet<\/li>\n<li>1711 aus Frankreich nach Deutschland gebracht<\/li>\n<li>S\u00e4urearmer, \u201cfrischer\u201c Wein mit sch\u00f6nen Aromen wie Apfel, Birne und N\u00fcsse<\/li>\n<li>Man trinkt ihn als Aperitif, zu Fischgerichten, Pasta und K\u00e4se<\/li>\n<\/ul>\n<h5>13,5 % vol. &#8211; enth\u00e4lt Sulfite<\/h5>\n<h3>Sauvignon Blanc QbA, 0,75 L<\/h3>\n<ul>\n<li>Diese Rebsorte stammt urspr\u00fcnglich aus Frankreich<\/li>\n<li>Er hat ein kr\u00e4ftiges, fruchtiges Aroma, sowie ein sch\u00f6nes S\u00e4urespiel<\/li>\n<li>Geschmacksnuancen wie gr\u00fcne Paprika, Stachelbeere und Zitrone machen den typischen Geschmack aus<\/li>\n<li>In der Pfalz wurde der Sauvignon Blanc 2010 als \u201eRebsorte des Jahres\u201c ausgezeichnet<\/li>\n<li>Passt sehr gut zu Vorspeisen wie Antipasti, Fisch, Meeresfr\u00fcchte, Spargel sowie Gem\u00fcse und K\u00e4segerichte<\/li>\n<\/ul>\n<h5>0,75 L &#8211; 12,0 % vol<\/h5>\n<p>&nbsp;<\/p>\n<p>[table id=6 \/<\/p>\n","protected":false},"excerpt":{"rendered":"<p>4 Flaschen trockener Weisswein : Riesling trocken, Grauer Burgunder trocken, Chardonnay trocken, Sauvignon Blanc QbA<\/p>\n","protected":false},"featured_media":2630,"comment_status":"open","ping_status":"closed","template":"","meta":[],"product_brand":[],"product_cat":[73,32],"product_tag":[],"class_list":{"0":"post-207","1":"product","2":"type-product","3":"status-publish","4":"has-post-thumbnail","6":"product_cat-probierpakete","7":"product_cat-weissweine","9":"first","10":"instock","11":"sale","12":"taxable","13":"shipping-taxable","14":"purchasable","15":"product-type-simple"},"_links":{"self":[{"href":"https:\/\/weingut-andreas-hery.de\/index.php?rest_route=\/wp\/v2\/product\/207","targetHints":{"allow":["GET"]}}],"collection":[{"href":"https:\/\/weingut-andreas-hery.de\/index.php?rest_route=\/wp\/v2\/product"}],"about":[{"href":"https:\/\/weingut-andreas-hery.de\/index.php?rest_route=\/wp\/v2\/types\/product"}],"replies":[{"embeddable":true,"href":"https:\/\/weingut-andreas-hery.de\/index.php?rest_route=%2Fwp%2Fv2%2Fcomments&post=207"}],"wp:featuredmedia":[{"embeddable":true,"href":"https:\/\/weingut-andreas-hery.de\/index.php?rest_route=\/wp\/v2\/media\/2630"}],"wp:attachment":[{"href":"https:\/\/weingut-andreas-hery.de\/index.php?rest_route=%2Fwp%2Fv2%2Fmedia&parent=207"}],"wp:term":[{"taxonomy":"product_brand","embeddable":true,"href":"https:\/\/weingut-andreas-hery.de\/index.php?rest_route=%2Fwp%2Fv2%2Fproduct_brand&post=207"},{"taxonomy":"product_cat","embeddable":true,"href":"https:\/\/weingut-andreas-hery.de\/index.php?rest_route=%2Fwp%2Fv2%2Fproduct_cat&post=207"},{"taxonomy":"product_tag","embeddable":true,"href":"https:\/\/weingut-andreas-hery.de\/index.php?rest_route=%2Fwp%2Fv2%2Fproduct_tag&post=207"}],"curies":[{"name":"wp","href":"https:\/\/api.w.org\/{rel}","templated":true}]}}