{"id":219,"date":"2017-09-09T08:09:13","date_gmt":"2017-09-09T08:09:13","guid":{"rendered":"http:\/\/weingut-andreas-hery.de\/?post_type=product&#038;p=219"},"modified":"2026-04-17T03:55:14","modified_gmt":"2026-04-17T03:55:14","slug":"probierpaket-rotwein-gemischt-6-flaschen-versandkostenfrei","status":"publish","type":"product","link":"https:\/\/weingut-andreas-hery.de\/?product=probierpaket-rotwein-gemischt-6-flaschen-versandkostenfrei","title":{"rendered":"Probierpaket Rotwein gemischt, 6 Flaschen"},"content":{"rendered":"<h5><strong>Dieses Paket beinhaltet 6 Flaschen Rotwein, die eine gro\u00dfe Vielf\u00e4ltigkeit aufweisen und viele Geschmacksnuancen bietet. Angefangen vom leichten Portugieser Rotwein, der eine hellrote Farbe hat, sowie den Heroldrebe Rotwein, mit seinem vollmundigen Geschmack und dem Sp\u00e4tburgunder Rotwein, der nach roten Fr\u00fcchten duftet bis hin zu dem trockenen nach Kirscharoma schmeckenden Dornfelder Rotwein, sowie unserem kr\u00e4ftigen, kraftvollen Cabernet Mitos und dem im Barriquefass ausgebauten Dunkelfelder Rotwein, der durch sein feines Holzaroma ein echtes Geschmackserlebnis bietet.<\/strong><\/h5>\n<h3>Regent QbA halbtrocken, 0,75 L<\/h3>\n<ul>\n<li>1967 gez\u00fcchtet, also noch eine junge Rebsorte<\/li>\n<li>Farbintensive, kr\u00e4ftige Traube (Beerensaft rot)<\/li>\n<li>Geringe S\u00e4ure, gehaltvoll und weich im Abgang<\/li>\n<li>Pilztolerante Sorte<\/li>\n<li>Typisch f\u00fcr ihn ist sein ausgepr\u00e4ter Beerenduft vorallem nach Brombeere und Cassis<\/li>\n<li>Sp\u00e4treife Sorte<\/li>\n<li>Er passt gut zu Fleisch mit dunkler So\u00dfe, mediterranen Gerichten oder K\u00e4se<\/li>\n<\/ul>\n<h5>13 % vol. &#8211; enth\u00e4lt Sulfite<\/h5>\n<h3>Dornfelder Rotwein QbA trocken, 0,75 L<\/h3>\n<ul>\n<li>1955 gez\u00fcchtet<\/li>\n<li>Der Wein zeichnet sich durch sein nach dunklen Beeren und Kirschenaroma aus und hat wenig S\u00e4ure<\/li>\n<li>Er ist vollmundig und fruchtig im Geschmack<\/li>\n<li>Eignet sich gut zum Braten, Wild, K\u00e4se und Pizza<\/li>\n<\/ul>\n<h5>12,5 % vol. &#8211; enth\u00e4lt Sulfite<\/h5>\n<h3>Cabernet Mitos QbA trocken, 0,75 L<\/h3>\n<ul>\n<li>Seit 2001 wird diese Rebsorte angebaut<\/li>\n<li>Die Traubenschalen und das Fruchtfleisch sind dunkelrot, was sich in der kr\u00e4ftigen Farbe des Weines wiederspiegelt.<\/li>\n<li>Er ist sehr vollmundig, fruchtig und kraftvoll. Er erinnert an den Geschmack nach schwarzer Johannisbeere und Brombeere<\/li>\n<li>Ein sch\u00f6ner, kr\u00e4ftiger, trockener Rotwein, der ein guter Essensbegleiter f\u00fcr Wild , Braten oder K\u00e4se ist.<\/li>\n<\/ul>\n<h5>14 % vol. &#8211; enth\u00e4lt Sulfite<\/h5>\n<h3>Heroldrebe Rotwein QbA halbtrocken, 1 L<\/h3>\n<ul>\n<li>Wurde 1929 von August Herold gez\u00fcchtet<\/li>\n<li>Ist eine etwas in Vergessenheit geratene Rotwein-Rebe<\/li>\n<li>Ist ein fruchtiger, vollmundiger und dennoch milder Rotwein, mit geringer S\u00e4ure<\/li>\n<li>Ein idealer Sommerwein<\/li>\n<li>Eignet sich gut zu gebratenem Fleisch, italienischen Gerichten aber auch zu einem schokoladigem Nachtisch<\/li>\n<\/ul>\n<h5>11 % vol. &#8211; enth\u00e4lt Sulfite<\/h5>\n<h3>Sp\u00e4tburgunder Rotwein QbA trocken, 1 L<\/h3>\n<ul>\n<li>Wurde schon von den R\u00f6mern ausgebaut<\/li>\n<li>Er ist elegant, leicht und duftet nach roten Fr\u00fcchten<\/li>\n<li>Er z\u00e4hlt zu den bedeutesten und hochwertigsten Rotweinen in Deutschland<\/li>\n<li>Er hat eine hellrote Farbe und ist samt im Geschmack<\/li>\n<li>Passt gut zu Lamm, Rind, Gefl\u00fcgel und Nudelgerichten<\/li>\n<\/ul>\n<h5>13 % vol. &#8211; enth\u00e4lt Sulfite<\/h5>\n<h3>Portugieser Rotwein QbA lieblich, 1 L<\/h3>\n<ul>\n<li>1772 gez\u00fcchtet in \u00d6sterreich<\/li>\n<li>Der Wein gilt als s\u00fcffig, frisch und vollmundig und weist ein sch\u00f6nes Beerenaroma auf<\/li>\n<li>Er hat eine milde S\u00e4ure und schmeckt leicht s\u00fc\u00dflich<\/li>\n<li>Hat eine hellrote Farbe<\/li>\n<li>Eignet sich gut zu italienischen, leichten Gerichten und wird auch gern in der w\u00e4rmeren Jahrezeit getrunken<\/li>\n<\/ul>\n<h5>11 % vol. &#8211; enth\u00e4lt Sulfite<\/h5>\n","protected":false},"excerpt":{"rendered":"<p>6 Flaschen Rotwein gemischt: Regent, Dornfelder trocken, Cabernet mitos, Heroldrebe, Sp\u00e4tburgunder trocken, Portugieser Rotwein<\/p>\n","protected":false},"featured_media":2049,"comment_status":"open","ping_status":"closed","template":"","meta":[],"product_brand":[],"product_cat":[73,34],"product_tag":[],"class_list":{"0":"post-219","1":"product","2":"type-product","3":"status-publish","4":"has-post-thumbnail","6":"product_cat-probierpakete","7":"product_cat-rotweine","9":"first","10":"instock","11":"taxable","12":"shipping-taxable","13":"purchasable","14":"product-type-simple"},"_links":{"self":[{"href":"https:\/\/weingut-andreas-hery.de\/index.php?rest_route=\/wp\/v2\/product\/219","targetHints":{"allow":["GET"]}}],"collection":[{"href":"https:\/\/weingut-andreas-hery.de\/index.php?rest_route=\/wp\/v2\/product"}],"about":[{"href":"https:\/\/weingut-andreas-hery.de\/index.php?rest_route=\/wp\/v2\/types\/product"}],"replies":[{"embeddable":true,"href":"https:\/\/weingut-andreas-hery.de\/index.php?rest_route=%2Fwp%2Fv2%2Fcomments&post=219"}],"wp:featuredmedia":[{"embeddable":true,"href":"https:\/\/weingut-andreas-hery.de\/index.php?rest_route=\/wp\/v2\/media\/2049"}],"wp:attachment":[{"href":"https:\/\/weingut-andreas-hery.de\/index.php?rest_route=%2Fwp%2Fv2%2Fmedia&parent=219"}],"wp:term":[{"taxonomy":"product_brand","embeddable":true,"href":"https:\/\/weingut-andreas-hery.de\/index.php?rest_route=%2Fwp%2Fv2%2Fproduct_brand&post=219"},{"taxonomy":"product_cat","embeddable":true,"href":"https:\/\/weingut-andreas-hery.de\/index.php?rest_route=%2Fwp%2Fv2%2Fproduct_cat&post=219"},{"taxonomy":"product_tag","embeddable":true,"href":"https:\/\/weingut-andreas-hery.de\/index.php?rest_route=%2Fwp%2Fv2%2Fproduct_tag&post=219"}],"curies":[{"name":"wp","href":"https:\/\/api.w.org\/{rel}","templated":true}]}}