{"id":2194,"date":"2024-10-30T09:03:47","date_gmt":"2024-10-30T09:03:47","guid":{"rendered":"https:\/\/weingut-andreas-hery.de\/?post_type=product&#038;p=2194"},"modified":"2026-04-20T04:13:12","modified_gmt":"2026-04-20T04:13:12","slug":"probierpaket-nr-2-12-weine-gemischt","status":"publish","type":"product","link":"https:\/\/weingut-andreas-hery.de\/?product=probierpaket-nr-2-12-weine-gemischt","title":{"rendered":"Probierpaket Nr.2, 12 Weine gemischt"},"content":{"rendered":"<h5><strong>Dieses Produkt beinhaltet 12 Flaschen Wein in der Literflasche. Einmal quer durchs Sortiment mit den verschiedensten Aromen und Geschmacksrichtungen. F\u00fcnf Wei\u00dfweine, die von s\u00fcffig, s\u00e4urearm bis hin zu Apfel-und Zitrusaromen eine gro\u00dfe Vielfalt aufweisen. Je eine Flasche unserer 3 Ros\u00e9weine, der fruchtige Heroldrebe, der leichte Dornfelder sowie der vollmundige Portugieser. Vier Flaschen Rotwein, die leicht bis kr\u00e4ftig und von s\u00fc\u00dflich bis trocken nach verschiedenen Beeren duften, befinden sich ebenfalls in unserer Auswahl.<\/strong><\/h5>\n<h3>Blanc de Noir QbA halbtrocken, 1 L<\/h3>\n<ul>\n<li>\u00dcbersetzt aus dem Franz\u00f6sischen \u201eWei\u00dfer aus Schwarzem\u201c<\/li>\n<li>Bezeichnung f\u00fcr einen Wei\u00dfwein aus roten Trauben! Bei fast allen Rotweinsorten ist der Saft hell, die Farbe sitzt in der Schale. Wird der Saft vor der G\u00e4rung von der Schale getrennt, erh\u00e4lt man einen hellen Wein<\/li>\n<li>Ein besonderer wei\u00dfer Wein, der das fruchtige Aroma eines Rotweins und die spritzige Leichtigkeit eines Wei\u00dfweins miteinander vereint<\/li>\n<li>Wir stellen diesen Wein aus Sp\u00e4tburgundertrauben her<\/li>\n<li>Blanc de Noir hat ein fruchtiges Aroma und wenig S\u00e4ure<\/li>\n<li>Passt gut zu hellem Fleisch, Fisch, Gem\u00fcse<\/li>\n<\/ul>\n<h5>10,5 % vol. &#8211; enth\u00e4lt Sulfite<\/h5>\n<h3>Riesling QbA trocken, 1 L<\/h3>\n<ul>\n<li>Wurde 1435 gez\u00fcchtet<\/li>\n<li>Kein anderes Land steht so f\u00fcr den Riesling wie Deutschland<\/li>\n<li>Sch\u00f6ne S\u00e4ure und zeichnet sich durch seine Apfel-und Zitrusaromen aus<\/li>\n<li>Er ist der perfekte &#8222;Schorlewein&#8220;<\/li>\n<li>Eignet sich gut zu gebratenem Fisch, Lamm, Rind, Pasta und zu Spargelspeisen<\/li>\n<\/ul>\n<h5>13,0 % vol. &#8211; enth\u00e4lt Sulfite<\/h5>\n<h3>Dornfelder Ros\u00e9 trocken, 1 L<\/h3>\n<ul>\n<li>1955 gez\u00fcchtet<\/li>\n<li>er hat eine blassrosa Farbe<\/li>\n<li>fruchtiger ,s\u00fcffiger,leichter aromatischer Wein, der nach Beeren duftet<\/li>\n<li>wird gern als &#8222;Schorlewein&#8220; verwendet<\/li>\n<li>Eignet sich gut zu Fleisch, Grillgerichten,Gefl\u00fcgel oder fruchtigen Salaten<\/li>\n<\/ul>\n<h5>12,5 % vol. &#8211; enth\u00e4lt Sulfite<\/h5>\n<h3>Kerner QbA mild, 1 L<\/h3>\n<ul>\n<li>Er wurde nach dem Dichter Justinus Kerner genannt<\/li>\n<li>Das Aroma erinnert an Birne, Apfel und eine Nuance von Muskat<\/li>\n<li>Er ist feinaromatisch und weist eine feine S\u00e4ure auf<\/li>\n<li>Der ideale Essensbegleiter f\u00fcr Salate, Fleisch, K\u00e4se<\/li>\n<\/ul>\n<h5>10 % vol. &#8211; enth\u00e4lt Sulfite<\/h5>\n<h3>Chardonnay QbA trocken, 1 L<\/h3>\n<ul>\n<li>Stammt aus Frankreich, hat den abgeleiteten Namen einer kleinen Gemeinde in Frankreich<\/li>\n<li>weltweit verbreitete Wei\u00dfweinsorte<\/li>\n<li>Typisch ist sein Geschmack nach Walnuss und Apfel.<\/li>\n<li>Er hat eine sch\u00f6ne S\u00e4ure und eine goldgelbe Farbe<\/li>\n<li>Passt gut zu Suppen, Fisch, Gem\u00fcse und Gefl\u00fcgel<\/li>\n<\/ul>\n<h5>12 % vol. &#8211; enth\u00e4lt Sulfite<\/h5>\n<h3>Portugieser Rotwein QbA lieblich, 1 L<\/h3>\n<ul>\n<li>1772 gez\u00fcchtet in \u00d6sterreich<\/li>\n<li>Der Wein gilt als s\u00fcffig, frisch und vollmundig und weist ein sch\u00f6nes Beerenaroma auf<\/li>\n<li>Er hat eine milde S\u00e4ure und schmeckt leicht s\u00fc\u00dflich<\/li>\n<li>Hat eine hellrote Farbe<\/li>\n<li>Eignet sich gut zu italienischen, leichten Gerichten und wird auch gern in der w\u00e4rmeren Jahrezeit getrunken<\/li>\n<\/ul>\n<h5>12 % vol. &#8211; enth\u00e4lt Sulfite<\/h5>\n<h3>Sp\u00e4tburgunder Rotwein QbA halbtrocken, 1 L<\/h3>\n<ul>\n<li>Wurde schon von den R\u00f6mern ausgebaut<\/li>\n<li>Er ist elegant, leicht und duftet nach roten Fr\u00fcchten<\/li>\n<li>Er z\u00e4hlt zu den bedeutesten und hochwertigsten Rotweinen in Deutschland<\/li>\n<li>Er hat eine hellrote Farbe und ist samt im Geschmack<\/li>\n<li>Passt gut zu Lamm, Rind, Gefl\u00fcgel und Nudelgerichten<\/li>\n<\/ul>\n<h5>12,5 % vol. &#8211; enth\u00e4lt Sulfite<\/h5>\n<h3>Portugieser rose QbA halbtrocken, 1 L<\/h3>\n<ul>\n<li>1772 gez\u00fcchtet in \u00d6sterreich<\/li>\n<li>Der Wein gilt als s\u00fcffig, frisch und vollmundig und weist ein sch\u00f6nes Beerenaroma auf<\/li>\n<li>Wird in der Pfalz als Schoppenwein verwendet<\/li>\n<li>Eignet sich gut zu gegrilltem Fleisch, w\u00fcrzigen Speisen oder\u00a0 italienischen Gerichten<\/li>\n<\/ul>\n<h5>12 % vol. &#8211; enth\u00e4lt Sulfite<\/h5>\n<h3>Dornfelder Rotwein QbA mild, 1 L<\/h3>\n<ul>\n<li>1955 gez\u00fcchtet<\/li>\n<li>Der Wein zeichnet sich durch sein nach dunklen Beeren und Kirschenaroma aus und hat wenig S\u00e4ure<\/li>\n<li>Er ist vollmundig und fruchtig im Geschmack<\/li>\n<li>Eignet sich gut zum Braten, Wild, K\u00e4se und Pizza<\/li>\n<\/ul>\n<h5>11,5 % vol. &#8211; enth\u00e4lt Sulfite<\/h5>\n<h3>Sp\u00e4tburgunder Rotwein QbA trocken, 1 L<\/h3>\n<ul>\n<li>Wurde schon von den R\u00f6mern ausgebaut<\/li>\n<li>Er ist elegant, leicht und duftet nach roten Fr\u00fcchten<\/li>\n<li>Er z\u00e4hlt zu den bedeutesten und hochwertigsten Rotweinen in Deutschland<\/li>\n<li>Er hat eine hellrote Farbe und ist samt im Geschmack<\/li>\n<li>Passt gut zu Lamm, Rind, Gefl\u00fcgel und Nudelgerichten<\/li>\n<\/ul>\n<h5>13 % vol. &#8211; enth\u00e4lt Sulfite<\/h5>\n<h3>Heroldrebe rose QbA halbtrocken, 1 L<\/h3>\n<ul>\n<li>Wurde 1929 von August Herold gez\u00fcchtet<\/li>\n<li>Ist eine etwas in Vergessenheit geratene Rebsorte<\/li>\n<li>Die Heroldrebe ist fruchtig, frisch, vollmundig und weist eine leichte S\u00e4ure auf<\/li>\n<li>Ein sch\u00f6ner Sommerwein<\/li>\n<li>Passt gut zu Fleisch, Nudelgerichten, Gefl\u00fcgel und Salat<\/li>\n<\/ul>\n<h5>13,0 % vol. &#8211; enth\u00e4lt Sulfite<\/h5>\n<h3>M\u00fcller-Thurgau QbA halbtrocken, 1 L<\/h3>\n<ul>\n<li>Wird auch Rivaner genannt<\/li>\n<li>Er ist ein fruchtig, s\u00fcffiger Wein, der eine geringe S\u00e4ure aufweist.<\/li>\n<li>Wurde 1882 in Geisenheim gez\u00fcchtet<\/li>\n<li>Er ist ein guter Schorlewein<\/li>\n<li>Passt gut zu ged\u00fcnstetem Fisch, Schalentieren, Kurzgebratenem, zu hellem Fleisch wie Lamm und Rind und zu Nudelgerichten<\/li>\n<\/ul>\n<h5>12 % vol. &#8211; enth\u00e4lt Sulfite<\/h5>\n","protected":false},"excerpt":{"rendered":"<p>12 Flaschen gemischt: Blanc de Noir, Riesling trocken, Dornfelder rose trocken, Kerner, Chardonnay, Portugieser Rotwein, Sp\u00e4tburgunder\u00a0 Rotwein halbtrocken , Portugieser rose halbtrocken, Dornfelder Rotwein mild, Sp\u00e4tburgunder Rotwein trocken, Heroldrebe rose, M\u00fcller-Thurgau<\/p>\n<p>Durch den Ausverkauf einer Weinsorte kann es bei der Zusammenstellung des Pakets zu \u00c4nderungen kommen.<\/p>\n","protected":false},"featured_media":2048,"comment_status":"closed","ping_status":"closed","template":"","meta":[],"product_brand":[],"product_cat":[73,34,32],"product_tag":[],"class_list":{"0":"post-2194","1":"product","2":"type-product","3":"status-publish","4":"has-post-thumbnail","6":"product_cat-probierpakete","7":"product_cat-rotweine","8":"product_cat-weissweine","10":"first","11":"instock","12":"taxable","13":"shipping-taxable","14":"purchasable","15":"product-type-simple"},"_links":{"self":[{"href":"https:\/\/weingut-andreas-hery.de\/index.php?rest_route=\/wp\/v2\/product\/2194","targetHints":{"allow":["GET"]}}],"collection":[{"href":"https:\/\/weingut-andreas-hery.de\/index.php?rest_route=\/wp\/v2\/product"}],"about":[{"href":"https:\/\/weingut-andreas-hery.de\/index.php?rest_route=\/wp\/v2\/types\/product"}],"replies":[{"embeddable":true,"href":"https:\/\/weingut-andreas-hery.de\/index.php?rest_route=%2Fwp%2Fv2%2Fcomments&post=2194"}],"wp:featuredmedia":[{"embeddable":true,"href":"https:\/\/weingut-andreas-hery.de\/index.php?rest_route=\/wp\/v2\/media\/2048"}],"wp:attachment":[{"href":"https:\/\/weingut-andreas-hery.de\/index.php?rest_route=%2Fwp%2Fv2%2Fmedia&parent=2194"}],"wp:term":[{"taxonomy":"product_brand","embeddable":true,"href":"https:\/\/weingut-andreas-hery.de\/index.php?rest_route=%2Fwp%2Fv2%2Fproduct_brand&post=2194"},{"taxonomy":"product_cat","embeddable":true,"href":"https:\/\/weingut-andreas-hery.de\/index.php?rest_route=%2Fwp%2Fv2%2Fproduct_cat&post=2194"},{"taxonomy":"product_tag","embeddable":true,"href":"https:\/\/weingut-andreas-hery.de\/index.php?rest_route=%2Fwp%2Fv2%2Fproduct_tag&post=2194"}],"curies":[{"name":"wp","href":"https:\/\/api.w.org\/{rel}","templated":true}]}}