{"id":2370,"date":"2025-04-05T06:49:57","date_gmt":"2025-04-05T06:49:57","guid":{"rendered":"https:\/\/weingut-andreas-hery.de\/?post_type=product&#038;p=2370"},"modified":"2026-05-15T07:28:12","modified_gmt":"2026-05-15T07:28:12","slug":"cuvee-20","status":"publish","type":"product","link":"https:\/\/weingut-andreas-hery.de\/?product=cuvee-20","title":{"rendered":"Cuv\u00e9e 20 , 2024er"},"content":{"rendered":"<ul>\n<li>20 j\u00e4hriger Jubil\u00e4umswein<\/li>\n<li>Unser Cuv\u00e9e ist ein Zusammenspiel zwischen Chardonnay, Morio und Silvaner<\/li>\n<li>Er hat eine sch\u00f6ne S\u00e4ure und zeichnet sich durch die Vielfalt der Aromen aus<\/li>\n<li>Er eignet sich hervorragend zu Pasta, Fleisch und leichten Gerichten<\/li>\n<\/ul>\n<h5>0,75 L &#8211; 11,0 % vol.<\/h5>\n<p>&nbsp;<\/p>\n\n<table id=\"tablepress-3\" class=\"tablepress tablepress-id-3\">\n<thead>\n<tr class=\"row-1\">\n\t<th colspan=\"2\" class=\"column-1\">N\u00e4hrwertangabe je 100 ml<\/th>\n<\/tr>\n<\/thead>\n<tbody class=\"row-striping row-hover\">\n<tr class=\"row-2\">\n\t<td class=\"column-1\">Brennwert<\/td><td class=\"column-2\">304 kJ (73 kcal)<\/td>\n<\/tr>\n<tr class=\"row-3\">\n\t<td class=\"column-1\">Kohlenhydrate<\/td><td class=\"column-2\">3,2 g<\/td>\n<\/tr>\n<tr class=\"row-4\">\n\t<td class=\"column-1\">davon Zucker<\/td><td class=\"column-2\">2,3 g<\/td>\n<\/tr>\n<tr class=\"row-5\">\n\t<td class=\"column-1\">Enth\u00e4lt geringf\u00fcgige Mengen von Fett, ges\u00e4ttigten Fetts\u00e4uren, Eiwei\u00df und Salz<br \/>\nZutaten: Trauben, Saccharose, Konservierungsstoffe und <br \/>\nAntioxidantien: Sulfite, Metaweins\u00e4ure<\/td><td class=\"column-2\"><\/td>\n<\/tr>\n<\/tbody>\n<\/table>\n<!-- #tablepress-3 from cache -->\n","protected":false},"excerpt":{"rendered":"<p>20 j\u00e4hriger Jubil\u00e4umswein<\/p>\n<h5>11,0 % vol.<\/h5>\n","protected":false},"featured_media":2368,"comment_status":"open","ping_status":"closed","template":"","meta":[],"product_brand":[],"product_cat":[32],"product_tag":[],"class_list":{"0":"post-2370","1":"product","2":"type-product","3":"status-publish","4":"has-post-thumbnail","6":"product_cat-weissweine","8":"first","9":"instock","10":"taxable","11":"shipping-taxable","12":"purchasable","13":"product-type-simple"},"_links":{"self":[{"href":"https:\/\/weingut-andreas-hery.de\/index.php?rest_route=\/wp\/v2\/product\/2370","targetHints":{"allow":["GET"]}}],"collection":[{"href":"https:\/\/weingut-andreas-hery.de\/index.php?rest_route=\/wp\/v2\/product"}],"about":[{"href":"https:\/\/weingut-andreas-hery.de\/index.php?rest_route=\/wp\/v2\/types\/product"}],"replies":[{"embeddable":true,"href":"https:\/\/weingut-andreas-hery.de\/index.php?rest_route=%2Fwp%2Fv2%2Fcomments&post=2370"}],"wp:featuredmedia":[{"embeddable":true,"href":"https:\/\/weingut-andreas-hery.de\/index.php?rest_route=\/wp\/v2\/media\/2368"}],"wp:attachment":[{"href":"https:\/\/weingut-andreas-hery.de\/index.php?rest_route=%2Fwp%2Fv2%2Fmedia&parent=2370"}],"wp:term":[{"taxonomy":"product_brand","embeddable":true,"href":"https:\/\/weingut-andreas-hery.de\/index.php?rest_route=%2Fwp%2Fv2%2Fproduct_brand&post=2370"},{"taxonomy":"product_cat","embeddable":true,"href":"https:\/\/weingut-andreas-hery.de\/index.php?rest_route=%2Fwp%2Fv2%2Fproduct_cat&post=2370"},{"taxonomy":"product_tag","embeddable":true,"href":"https:\/\/weingut-andreas-hery.de\/index.php?rest_route=%2Fwp%2Fv2%2Fproduct_tag&post=2370"}],"curies":[{"name":"wp","href":"https:\/\/api.w.org\/{rel}","templated":true}]}}