{"id":24,"date":"2017-08-15T08:04:07","date_gmt":"2017-08-15T08:04:07","guid":{"rendered":"http:\/\/weingut-andreas-hery.de\/?post_type=product&#038;p=24"},"modified":"2026-04-30T05:21:16","modified_gmt":"2026-04-30T05:21:16","slug":"morio-muskat-qba-lieblich-2014er","status":"publish","type":"product","link":"https:\/\/weingut-andreas-hery.de\/?product=morio-muskat-qba-lieblich-2014er","title":{"rendered":"Morio Muskat QbA lieblich, 2024er"},"content":{"rendered":"<ul>\n<li>Wurde 1928 von Peter Morio gez\u00fcchtet<\/li>\n<li>Wird vorrangig in der Weinregion Pfalz und Rheinhessen gepflanzt<\/li>\n<li>Er hat ein ausgepr\u00e4gtes Muskat-Bouquet, sowie Zitrus-und Holunderbl\u00fctenaromen<\/li>\n<li>Lieblich steht daf\u00fcr, dass der Wein weniger s\u00e4urebetont, sondern leicht s\u00fc\u00dflich schmeckt<\/li>\n<li>Ideal zu kr\u00e4ftigen Speisen<\/li>\n<\/ul>\n<h5>1 L &#8211; 10,0 % vol. &#8211; enth\u00e4lt Sulfite<\/h5>\n","protected":false},"excerpt":{"rendered":"<p>Ausgepr\u00e4gtes Muskat Bouquet, kr\u00e4ftige S\u00e4ure<\/p>\n<h5>10,0\u00a0 % vol. &#8211; enth\u00e4lt Sulfite<\/h5>\n","protected":false},"featured_media":470,"comment_status":"open","ping_status":"closed","template":"","meta":[],"product_brand":[],"product_cat":[32],"product_tag":[],"class_list":{"0":"post-24","1":"product","2":"type-product","3":"status-publish","4":"has-post-thumbnail","6":"product_cat-weissweine","8":"first","9":"instock","10":"taxable","11":"shipping-taxable","12":"purchasable","13":"product-type-simple"},"_links":{"self":[{"href":"https:\/\/weingut-andreas-hery.de\/index.php?rest_route=\/wp\/v2\/product\/24","targetHints":{"allow":["GET"]}}],"collection":[{"href":"https:\/\/weingut-andreas-hery.de\/index.php?rest_route=\/wp\/v2\/product"}],"about":[{"href":"https:\/\/weingut-andreas-hery.de\/index.php?rest_route=\/wp\/v2\/types\/product"}],"replies":[{"embeddable":true,"href":"https:\/\/weingut-andreas-hery.de\/index.php?rest_route=%2Fwp%2Fv2%2Fcomments&post=24"}],"wp:featuredmedia":[{"embeddable":true,"href":"https:\/\/weingut-andreas-hery.de\/index.php?rest_route=\/wp\/v2\/media\/470"}],"wp:attachment":[{"href":"https:\/\/weingut-andreas-hery.de\/index.php?rest_route=%2Fwp%2Fv2%2Fmedia&parent=24"}],"wp:term":[{"taxonomy":"product_brand","embeddable":true,"href":"https:\/\/weingut-andreas-hery.de\/index.php?rest_route=%2Fwp%2Fv2%2Fproduct_brand&post=24"},{"taxonomy":"product_cat","embeddable":true,"href":"https:\/\/weingut-andreas-hery.de\/index.php?rest_route=%2Fwp%2Fv2%2Fproduct_cat&post=24"},{"taxonomy":"product_tag","embeddable":true,"href":"https:\/\/weingut-andreas-hery.de\/index.php?rest_route=%2Fwp%2Fv2%2Fproduct_tag&post=24"}],"curies":[{"name":"wp","href":"https:\/\/api.w.org\/{rel}","templated":true}]}}