{"id":2591,"date":"2025-12-23T10:41:52","date_gmt":"2025-12-23T10:41:52","guid":{"rendered":"https:\/\/weingut-andreas-hery.de\/?post_type=product&#038;p=2591"},"modified":"2026-04-17T03:55:14","modified_gmt":"2026-04-17T03:55:14","slug":"probierpaket-piwi-6-flaschen","status":"publish","type":"product","link":"https:\/\/weingut-andreas-hery.de\/?product=probierpaket-piwi-6-flaschen","title":{"rendered":"Probierpaket PiWi, 6 Flaschen"},"content":{"rendered":"<h5><strong>Dieses Paket beinhaltet drei Weine zu je zwei Flaschen von PiWi-Sorten, d.h. es sind pilzwiderst\u00e4ndige Weinsorten, bei denen keine Pflanzenschutzma\u00dfnahmen notwendig sind.<\/strong><\/h5>\n<h3>Souvignier gris, 0,75 l<\/h3>\n<ul>\n<li>Er duftet nach Melone, Quitte und Pfirsich<\/li>\n<li>feine Rests\u00fc\u00dfe und milde S\u00e4ure<\/li>\n<li>Er ist sehr vielseitig und passt somit zu herzhaften aber auch zu s\u00fc\u00dflichen Speisen<\/li>\n<\/ul>\n<h5>0,75 L &#8211; 9,5 % vol. &#8211; enth\u00e4lt Sulfite<\/h5>\n<p>&nbsp;<\/p>\n\n<table id=\"tablepress-10\" class=\"tablepress tablepress-id-10\">\n<thead>\n<tr class=\"row-1\">\n\t<th colspan=\"2\" class=\"column-1\">N\u00e4hrwertangabe je 100 ml<\/th>\n<\/tr>\n<\/thead>\n<tbody class=\"row-striping row-hover\">\n<tr class=\"row-2\">\n\t<td class=\"column-1\">Brennwert<\/td><td class=\"column-2\">341kJ(82kcal)<\/td>\n<\/tr>\n<tr class=\"row-3\">\n\t<td class=\"column-1\">Kohlenhydrate<\/td><td class=\"column-2\">6,5g<\/td>\n<\/tr>\n<tr class=\"row-4\">\n\t<td class=\"column-1\">davon Zucker<\/td><td class=\"column-2\">6,0g<\/td>\n<\/tr>\n<tr class=\"row-5\">\n\t<td class=\"column-1\">Enth\u00e4lt geringf\u00fcgige Mengen von Fett, ges\u00e4ttigten Fetts\u00e4uren, Eiwei\u00df und Salz<br \/>\nZutaten: Trauben, Saccharose, Konservierungsstoffe und <br \/>\nAntioxidantien: Sulfite, Metaweins\u00e4ure<\/td><td class=\"column-2\"><\/td>\n<\/tr>\n<\/tbody>\n<\/table>\n<!-- #tablepress-10 from cache -->\n<h3>Johanniter, 0,75 l<\/h3>\n<ul>\n<li>Der Wein ist kr\u00e4ftig und fruchtig<\/li>\n<li>Er hat eine angehme S\u00e4ure<\/li>\n<li>Apfel- und Pfirsicharomensalat<\/li>\n<\/ul>\n<h5>0,75 L &#8211; 13 % vol. &#8211; enth\u00e4lt Sulfite<\/h5>\n<p>&nbsp;<\/p>\n\n<table id=\"tablepress-11\" class=\"tablepress tablepress-id-11\">\n<thead>\n<tr class=\"row-1\">\n\t<th colspan=\"2\" class=\"column-1\">N\u00e4hrwertangabe je 100 ml<\/th>\n<\/tr>\n<\/thead>\n<tbody class=\"row-striping row-hover\">\n<tr class=\"row-2\">\n\t<td class=\"column-1\">Brennwert<\/td><td class=\"column-2\">384kJ(83kcal)<\/td>\n<\/tr>\n<tr class=\"row-3\">\n\t<td class=\"column-1\">Kohlenhydrate<\/td><td class=\"column-2\">2,5g<\/td>\n<\/tr>\n<tr class=\"row-4\">\n\t<td class=\"column-1\">davon Zucker<\/td><td class=\"column-2\">1,8g<\/td>\n<\/tr>\n<tr class=\"row-5\">\n\t<td class=\"column-1\">Enth\u00e4lt geringf\u00fcgige Mengen von Fett, ges\u00e4ttigten Fetts\u00e4uren, Eiwei\u00df und Salz<br \/>\nZutaten: Trauben, Saccharose, Konservierungsstoffe und <br \/>\nAntioxidantien: Sulfite, Metaweins\u00e4ure<\/td><td class=\"column-2\"><\/td>\n<\/tr>\n<\/tbody>\n<\/table>\n<!-- #tablepress-11 from cache -->\n<h3>Regent Rotwein QbA halbtrocken, 0,75 l<\/h3>\n<ul>\n<li>1967 gez\u00fcchtet, also noch eine junge Rebsorte<\/li>\n<li>Farbintensive, kr\u00e4ftige Traube (Beerensaft rot)<\/li>\n<li>Geringe S\u00e4ure, gehaltvoll und weich im Abgang<\/li>\n<li>Pilztolerante Sorte<\/li>\n<li>Typisch f\u00fcr ihn ist sein ausgepr\u00e4ter Beerenduft vorallem nach Brombeere und Cassis<\/li>\n<li>Sp\u00e4treife Sorte<\/li>\n<li>Er passt gut zu Fleisch mit dunkler So\u00dfe, mediterranen Gerichten oder K\u00e4se<\/li>\n<\/ul>\n<h5>0,75 L &#8211; 12,5 % vol. &#8211; enth\u00e4lt Sulfite<\/h5>\n<h5><\/h5>\n","protected":false},"excerpt":{"rendered":"<p>Dieses Paket beinhaltet 6 Flaschen Wein. Zwei wei\u00dfe PIWI- Sorten, den Johanniter und Souvignier gris, sowie die rote PIWI- Sorte Regent.<\/p>\n<p>Es erwarten sie drei fruchtige Weine, die sich mit ihren Apfel-Pfirsich und Beerenaromen auszeichnen.<\/p>\n","protected":false},"featured_media":2588,"comment_status":"open","ping_status":"closed","template":"","meta":[],"product_brand":[],"product_cat":[34,32],"product_tag":[],"class_list":{"0":"post-2591","1":"product","2":"type-product","3":"status-publish","4":"has-post-thumbnail","6":"product_cat-rotweine","7":"product_cat-weissweine","9":"first","10":"instock","11":"taxable","12":"shipping-taxable","13":"purchasable","14":"product-type-simple"},"_links":{"self":[{"href":"https:\/\/weingut-andreas-hery.de\/index.php?rest_route=\/wp\/v2\/product\/2591","targetHints":{"allow":["GET"]}}],"collection":[{"href":"https:\/\/weingut-andreas-hery.de\/index.php?rest_route=\/wp\/v2\/product"}],"about":[{"href":"https:\/\/weingut-andreas-hery.de\/index.php?rest_route=\/wp\/v2\/types\/product"}],"replies":[{"embeddable":true,"href":"https:\/\/weingut-andreas-hery.de\/index.php?rest_route=%2Fwp%2Fv2%2Fcomments&post=2591"}],"wp:featuredmedia":[{"embeddable":true,"href":"https:\/\/weingut-andreas-hery.de\/index.php?rest_route=\/wp\/v2\/media\/2588"}],"wp:attachment":[{"href":"https:\/\/weingut-andreas-hery.de\/index.php?rest_route=%2Fwp%2Fv2%2Fmedia&parent=2591"}],"wp:term":[{"taxonomy":"product_brand","embeddable":true,"href":"https:\/\/weingut-andreas-hery.de\/index.php?rest_route=%2Fwp%2Fv2%2Fproduct_brand&post=2591"},{"taxonomy":"product_cat","embeddable":true,"href":"https:\/\/weingut-andreas-hery.de\/index.php?rest_route=%2Fwp%2Fv2%2Fproduct_cat&post=2591"},{"taxonomy":"product_tag","embeddable":true,"href":"https:\/\/weingut-andreas-hery.de\/index.php?rest_route=%2Fwp%2Fv2%2Fproduct_tag&post=2591"}],"curies":[{"name":"wp","href":"https:\/\/api.w.org\/{rel}","templated":true}]}}