{"id":559,"date":"2019-04-19T15:45:24","date_gmt":"2019-04-19T15:45:24","guid":{"rendered":"http:\/\/weingut-andreas-hery.de\/?post_type=product&#038;p=559"},"modified":"2026-04-25T04:34:23","modified_gmt":"2026-04-25T04:34:23","slug":"riesling-classic-2018er","status":"publish","type":"product","link":"https:\/\/weingut-andreas-hery.de\/?product=riesling-classic-2018er","title":{"rendered":"Riesling -Ruppertsberger Nu\u00dfbien, 2020er"},"content":{"rendered":"<ul>\n<li>Er wird am Fu\u00dfe des Pf\u00e4lzer Waldes, an der angesehen Lage &#8222;Ruppertsberger Nu\u00dfbien&#8220; angebaut<\/li>\n<li>Kein anderes Land steht so f\u00fcr den Riesling wie Deutschland<\/li>\n<li>Gez\u00fcchtet wurde er 1435<\/li>\n<li>Er hat eine sch\u00f6ne S\u00e4ure und zeichnet sich durch sein Zitrus-und Apfelaromen aus<\/li>\n<li>Er eignet sich sehr gut zu leichten Gerichten wie Fisch, Spargel, Fleisch sowie Pasta<\/li>\n<\/ul>\n<h5>0,75 L &#8211; 12,5 % vol. &#8211; enth\u00e4lt Sulfite<\/h5>\n","protected":false},"excerpt":{"rendered":"<p>Unser J\u00fcngster \u2013 Jahrgang 2018<\/p>\n<h5>12,5 % vol. &#8211; enth\u00e4lt Sulfite<\/h5>\n","protected":false},"featured_media":1376,"comment_status":"open","ping_status":"closed","template":"","meta":[],"product_brand":[],"product_cat":[32],"product_tag":[],"class_list":{"0":"post-559","1":"product","2":"type-product","3":"status-publish","4":"has-post-thumbnail","6":"product_cat-weissweine","8":"first","9":"instock","10":"taxable","11":"shipping-taxable","12":"purchasable","13":"product-type-simple"},"_links":{"self":[{"href":"https:\/\/weingut-andreas-hery.de\/index.php?rest_route=\/wp\/v2\/product\/559","targetHints":{"allow":["GET"]}}],"collection":[{"href":"https:\/\/weingut-andreas-hery.de\/index.php?rest_route=\/wp\/v2\/product"}],"about":[{"href":"https:\/\/weingut-andreas-hery.de\/index.php?rest_route=\/wp\/v2\/types\/product"}],"replies":[{"embeddable":true,"href":"https:\/\/weingut-andreas-hery.de\/index.php?rest_route=%2Fwp%2Fv2%2Fcomments&post=559"}],"wp:featuredmedia":[{"embeddable":true,"href":"https:\/\/weingut-andreas-hery.de\/index.php?rest_route=\/wp\/v2\/media\/1376"}],"wp:attachment":[{"href":"https:\/\/weingut-andreas-hery.de\/index.php?rest_route=%2Fwp%2Fv2%2Fmedia&parent=559"}],"wp:term":[{"taxonomy":"product_brand","embeddable":true,"href":"https:\/\/weingut-andreas-hery.de\/index.php?rest_route=%2Fwp%2Fv2%2Fproduct_brand&post=559"},{"taxonomy":"product_cat","embeddable":true,"href":"https:\/\/weingut-andreas-hery.de\/index.php?rest_route=%2Fwp%2Fv2%2Fproduct_cat&post=559"},{"taxonomy":"product_tag","embeddable":true,"href":"https:\/\/weingut-andreas-hery.de\/index.php?rest_route=%2Fwp%2Fv2%2Fproduct_tag&post=559"}],"curies":[{"name":"wp","href":"https:\/\/api.w.org\/{rel}","templated":true}]}}