{"id":61,"date":"2017-08-22T19:29:21","date_gmt":"2017-08-22T19:29:21","guid":{"rendered":"http:\/\/weingut-andreas-hery.de\/?post_type=product&#038;p=61"},"modified":"2026-05-09T08:46:53","modified_gmt":"2026-05-09T08:46:53","slug":"blanc-de-noir-qba-halbtrocken-2016er","status":"publish","type":"product","link":"https:\/\/weingut-andreas-hery.de\/?product=blanc-de-noir-qba-halbtrocken-2016er","title":{"rendered":"Blanc de Noir QbA halbtrocken, 2025er"},"content":{"rendered":"<ul>\n<li>\u00dcbersetzt aus dem Franz\u00f6sischen \u201eWei\u00dfer aus Schwarzem\u201c<\/li>\n<li>Bezeichnung f\u00fcr einen Wei\u00dfwein aus roten Trauben! Bei fast allen Rotweinsorten ist der Saft hell, die Farbe sitzt in der Schale. Wird der Saft vor der G\u00e4rung von der Schale getrennt, erh\u00e4lt man einen hellen Wein<\/li>\n<li>Ein besonderer wei\u00dfer Wein, der das fruchtige Aroma eines Rotweins und die spritzige Leichtigkeit eines Wei\u00dfweins miteinander vereint<\/li>\n<li>Wir stellen diesen Wein aus Sp\u00e4tburgundertrauben her<\/li>\n<li>Blanc de Noir hat ein fruchtiges Aroma und wenig S\u00e4ure<\/li>\n<li>Passt gut zu hellem Fleisch, Fisch, Gem\u00fcse<\/li>\n<\/ul>\n<h5>1 L &#8211; 11,5 % vol.<\/h5>\n<p>&nbsp;<\/p>\n\n<table id=\"tablepress-16\" class=\"tablepress tablepress-id-16\">\n<thead>\n<tr class=\"row-1\">\n\t<th colspan=\"2\" class=\"column-1\">N\u00e4hrwertangabe je 100 ml<\/th>\n<\/tr>\n<\/thead>\n<tbody class=\"row-striping row-hover\">\n<tr class=\"row-2\">\n\t<td class=\"column-1\">Brennwert<\/td><td class=\"column-2\">306kJ(73kcal)<\/td>\n<\/tr>\n<tr class=\"row-3\">\n\t<td class=\"column-1\">Kohlenhydrate<\/td><td class=\"column-2\">2,3g<\/td>\n<\/tr>\n<tr class=\"row-4\">\n\t<td class=\"column-1\">davon Zucker<\/td><td class=\"column-2\">1,8g<\/td>\n<\/tr>\n<tr class=\"row-5\">\n\t<td class=\"column-1\">Enth\u00e4lt geringf\u00fcgige Mengen von Fett, ges\u00e4ttigten Fetts\u00e4uren, Eiwei\u00df und Salz<br \/>\nZutaten: Trauben, Saccharose, Konservierungsstoffe und <br \/>\nAntioxidantien: Sulfite, Metaweins\u00e4ure<\/td><td class=\"column-2\"><\/td>\n<\/tr>\n<\/tbody>\n<\/table>\n<!-- #tablepress-16 from cache -->\n","protected":false},"excerpt":{"rendered":"<p>Fruchtig, aus der Sp\u00e4tburgundertraube<\/p>\n<h5>11,55 % vol. &#8211; enth\u00e4lt Sulfite<\/h5>\n","protected":false},"featured_media":452,"comment_status":"open","ping_status":"closed","template":"","meta":[],"product_brand":[],"product_cat":[32],"product_tag":[],"class_list":{"0":"post-61","1":"product","2":"type-product","3":"status-publish","4":"has-post-thumbnail","6":"product_cat-weissweine","8":"first","9":"instock","10":"taxable","11":"shipping-taxable","12":"purchasable","13":"product-type-simple"},"_links":{"self":[{"href":"https:\/\/weingut-andreas-hery.de\/index.php?rest_route=\/wp\/v2\/product\/61","targetHints":{"allow":["GET"]}}],"collection":[{"href":"https:\/\/weingut-andreas-hery.de\/index.php?rest_route=\/wp\/v2\/product"}],"about":[{"href":"https:\/\/weingut-andreas-hery.de\/index.php?rest_route=\/wp\/v2\/types\/product"}],"replies":[{"embeddable":true,"href":"https:\/\/weingut-andreas-hery.de\/index.php?rest_route=%2Fwp%2Fv2%2Fcomments&post=61"}],"wp:featuredmedia":[{"embeddable":true,"href":"https:\/\/weingut-andreas-hery.de\/index.php?rest_route=\/wp\/v2\/media\/452"}],"wp:attachment":[{"href":"https:\/\/weingut-andreas-hery.de\/index.php?rest_route=%2Fwp%2Fv2%2Fmedia&parent=61"}],"wp:term":[{"taxonomy":"product_brand","embeddable":true,"href":"https:\/\/weingut-andreas-hery.de\/index.php?rest_route=%2Fwp%2Fv2%2Fproduct_brand&post=61"},{"taxonomy":"product_cat","embeddable":true,"href":"https:\/\/weingut-andreas-hery.de\/index.php?rest_route=%2Fwp%2Fv2%2Fproduct_cat&post=61"},{"taxonomy":"product_tag","embeddable":true,"href":"https:\/\/weingut-andreas-hery.de\/index.php?rest_route=%2Fwp%2Fv2%2Fproduct_tag&post=61"}],"curies":[{"name":"wp","href":"https:\/\/api.w.org\/{rel}","templated":true}]}}