{"id":644,"date":"2019-06-30T06:08:41","date_gmt":"2019-06-30T06:08:41","guid":{"rendered":"http:\/\/weingut-andreas-hery.de\/?post_type=product&#038;p=644"},"modified":"2026-04-21T04:15:09","modified_gmt":"2026-04-21T04:15:09","slug":"minipaket-rose-3-flaschen","status":"publish","type":"product","link":"https:\/\/weingut-andreas-hery.de\/?product=minipaket-rose-3-flaschen","title":{"rendered":"Minipaket Ros\u00e9, 3 Flaschen"},"content":{"rendered":"<h5><strong>Unser kleines Ros\u00e9paket, f\u00fcr alle Ros\u00e9liebhaber. Dieses beinhaltet drei Ros\u00e9weine in der 1-Literflaschen. Ein trockener Dornfelder Ros\u00e9, der leicht und s\u00fcffig ist, ein halbtrockener Portugieser Ros\u00e9, der ein sch\u00f6nes Beerenaroma aufweist und eine Flasche Heroldrebe Ros\u00e9, der vollmundig ist und eine leichte S\u00e4ure hat. <\/strong><\/h5>\n<h3>Portugieser rose QbA halbtrocken, 1 L<\/h3>\n<ul>\n<li>1772 gez\u00fcchtet in \u00d6sterreich<\/li>\n<li>Der Wein gilt als s\u00fcffig, frisch und vollmundig und weist ein sch\u00f6nes Beerenaroma auf<\/li>\n<li>Wird in der Pfalz als Schoppenwein verwendet<\/li>\n<li>Eignet sich gut zu gegrilltem Fleisch, w\u00fcrzigen Speisen oder\u00a0 italienischen Gerichten<\/li>\n<\/ul>\n<h5>1 L &#8211; 11 % vol. &#8211; enth\u00e4lt Sulfite<\/h5>\n<h3>Heroldrebe rose QbA halbtrocken, 1 L<\/h3>\n<ul>\n<li>Wurde 1929 von August Herold gez\u00fcchtet<\/li>\n<li>Ist eine etwas in Vergessenheit geratene Rebsorte<\/li>\n<li>Die Heroldrebe ist fruchtig, frisch, vollmundig und weist eine leichte S\u00e4ure auf<\/li>\n<li>Ein sch\u00f6ner Sommerwein<\/li>\n<li>Passt gut zu Fleisch, Nudelgerichten, Gefl\u00fcgel und Salat<\/li>\n<\/ul>\n<h5>1 L &#8211; 12 % vol. &#8211; enth\u00e4lt Sulfite<\/h5>\n<h3>Dornfelder Ros\u00e9 trocken, 1 L<\/h3>\n<ul>\n<li>1955 gez\u00fcchtet<\/li>\n<li>er hat eine blassrosa Farbe<\/li>\n<li>fruchtiger ,s\u00fcffiger,leichter aromatischer Wein, der nach Beeren duftet<\/li>\n<li>wird gern als &#8222;Schorlewein&#8220; verwendet<\/li>\n<li>Eignet sich gut zu Fleisch, Grillgerichten,Gefl\u00fcgel oder fruchtigen Salaten<\/li>\n<\/ul>\n<h5>1 L &#8211; 12,5 % vol. &#8211; enth\u00e4lt Sulfite<\/h5>\n<h5><\/h5>\n","protected":false},"excerpt":{"rendered":"<p>3 Flaschen Ros\u00e9: Portugieser Wei\u00dfherbst, Heroldrebe Ros\u00e9, Dornfelder Ros\u00e9<\/p>\n","protected":false},"featured_media":2044,"comment_status":"open","ping_status":"closed","template":"","meta":[],"product_brand":[],"product_cat":[73,35],"product_tag":[],"class_list":{"0":"post-644","1":"product","2":"type-product","3":"status-publish","4":"has-post-thumbnail","6":"product_cat-probierpakete","7":"product_cat-weissherbst","9":"first","10":"instock","11":"taxable","12":"shipping-taxable","13":"purchasable","14":"product-type-simple"},"_links":{"self":[{"href":"https:\/\/weingut-andreas-hery.de\/index.php?rest_route=\/wp\/v2\/product\/644","targetHints":{"allow":["GET"]}}],"collection":[{"href":"https:\/\/weingut-andreas-hery.de\/index.php?rest_route=\/wp\/v2\/product"}],"about":[{"href":"https:\/\/weingut-andreas-hery.de\/index.php?rest_route=\/wp\/v2\/types\/product"}],"replies":[{"embeddable":true,"href":"https:\/\/weingut-andreas-hery.de\/index.php?rest_route=%2Fwp%2Fv2%2Fcomments&post=644"}],"wp:featuredmedia":[{"embeddable":true,"href":"https:\/\/weingut-andreas-hery.de\/index.php?rest_route=\/wp\/v2\/media\/2044"}],"wp:attachment":[{"href":"https:\/\/weingut-andreas-hery.de\/index.php?rest_route=%2Fwp%2Fv2%2Fmedia&parent=644"}],"wp:term":[{"taxonomy":"product_brand","embeddable":true,"href":"https:\/\/weingut-andreas-hery.de\/index.php?rest_route=%2Fwp%2Fv2%2Fproduct_brand&post=644"},{"taxonomy":"product_cat","embeddable":true,"href":"https:\/\/weingut-andreas-hery.de\/index.php?rest_route=%2Fwp%2Fv2%2Fproduct_cat&post=644"},{"taxonomy":"product_tag","embeddable":true,"href":"https:\/\/weingut-andreas-hery.de\/index.php?rest_route=%2Fwp%2Fv2%2Fproduct_tag&post=644"}],"curies":[{"name":"wp","href":"https:\/\/api.w.org\/{rel}","templated":true}]}}