{"id":67,"date":"2017-08-24T16:40:48","date_gmt":"2017-08-24T16:40:48","guid":{"rendered":"http:\/\/weingut-andreas-hery.de\/?post_type=product&#038;p=67"},"modified":"2026-04-17T03:55:13","modified_gmt":"2026-04-17T03:55:13","slug":"chardonnay-qba-trocken-2014er","status":"publish","type":"product","link":"https:\/\/weingut-andreas-hery.de\/?product=chardonnay-qba-trocken-2014er","title":{"rendered":"Chardonnay QbA trocken, 2024er"},"content":{"rendered":"<ul>\n<li>Stammt aus Frankreich, hat den abgeleiteten Namen einer kleinen Gemeinde in Frankreich<\/li>\n<li>weltweit verbreitete Wei\u00dfweinsorte<\/li>\n<li>Typisch ist sein Geschmack nach Walnuss und Apfel.<\/li>\n<li>Er hat eine sch\u00f6ne S\u00e4ure und eine goldgelbe Farbe<\/li>\n<li>Passt gut zu Suppen, Fisch, Gem\u00fcse und Gefl\u00fcgel<\/li>\n<\/ul>\n<h5>1 L &#8211; 12,5 % vol.<\/h5>\n<p>&nbsp;<\/p>\n\n<table id=\"tablepress-7\" class=\"tablepress tablepress-id-7\">\n<thead>\n<tr class=\"row-1\">\n\t<th colspan=\"2\" class=\"column-1\">N\u00e4hrwertangabe je 100 ml<\/th>\n<\/tr>\n<\/thead>\n<tbody class=\"row-striping row-hover\">\n<tr class=\"row-2\">\n\t<td class=\"column-1\">Brennwert<\/td><td class=\"column-2\">320kJ (76kcal)<\/td>\n<\/tr>\n<tr class=\"row-3\">\n\t<td class=\"column-1\">Kohlenhydrate<\/td><td class=\"column-2\">1,4 g<\/td>\n<\/tr>\n<tr class=\"row-4\">\n\t<td class=\"column-1\">davon Zucker<\/td><td class=\"column-2\">0,9 g<\/td>\n<\/tr>\n<tr class=\"row-5\">\n\t<td class=\"column-1\">Enth\u00e4lt geringf\u00fcgige Mengen von Fett, ges\u00e4ttigten Fetts\u00e4uren, Eiwei\u00df und Salz<br \/>\nZutaten: Trauben, Saccharose, Konservierungsstoffe und <br \/>\nAntioxidantien: Sulfite, Metaweins\u00e4ure<\/td><td class=\"column-2\"><\/td>\n<\/tr>\n<\/tbody>\n<\/table>\n<!-- #tablepress-7 from cache -->\n","protected":false},"excerpt":{"rendered":"<p>Walnuss- und Apfelaromen, goldgelbe Farbe<\/p>\n<h5>12,5 % vol<\/h5>\n","protected":false},"featured_media":624,"comment_status":"open","ping_status":"closed","template":"","meta":[],"product_brand":[],"product_cat":[32],"product_tag":[],"class_list":{"0":"post-67","1":"product","2":"type-product","3":"status-publish","4":"has-post-thumbnail","6":"product_cat-weissweine","8":"first","9":"instock","10":"taxable","11":"shipping-taxable","12":"purchasable","13":"product-type-simple"},"_links":{"self":[{"href":"https:\/\/weingut-andreas-hery.de\/index.php?rest_route=\/wp\/v2\/product\/67","targetHints":{"allow":["GET"]}}],"collection":[{"href":"https:\/\/weingut-andreas-hery.de\/index.php?rest_route=\/wp\/v2\/product"}],"about":[{"href":"https:\/\/weingut-andreas-hery.de\/index.php?rest_route=\/wp\/v2\/types\/product"}],"replies":[{"embeddable":true,"href":"https:\/\/weingut-andreas-hery.de\/index.php?rest_route=%2Fwp%2Fv2%2Fcomments&post=67"}],"wp:featuredmedia":[{"embeddable":true,"href":"https:\/\/weingut-andreas-hery.de\/index.php?rest_route=\/wp\/v2\/media\/624"}],"wp:attachment":[{"href":"https:\/\/weingut-andreas-hery.de\/index.php?rest_route=%2Fwp%2Fv2%2Fmedia&parent=67"}],"wp:term":[{"taxonomy":"product_brand","embeddable":true,"href":"https:\/\/weingut-andreas-hery.de\/index.php?rest_route=%2Fwp%2Fv2%2Fproduct_brand&post=67"},{"taxonomy":"product_cat","embeddable":true,"href":"https:\/\/weingut-andreas-hery.de\/index.php?rest_route=%2Fwp%2Fv2%2Fproduct_cat&post=67"},{"taxonomy":"product_tag","embeddable":true,"href":"https:\/\/weingut-andreas-hery.de\/index.php?rest_route=%2Fwp%2Fv2%2Fproduct_tag&post=67"}],"curies":[{"name":"wp","href":"https:\/\/api.w.org\/{rel}","templated":true}]}}