{"id":70,"date":"2017-08-24T16:54:22","date_gmt":"2017-08-24T16:54:22","guid":{"rendered":"http:\/\/weingut-andreas-hery.de\/?post_type=product&#038;p=70"},"modified":"2026-05-01T05:42:23","modified_gmt":"2026-05-01T05:42:23","slug":"sauvignon-blanc-qba-2014er","status":"publish","type":"product","link":"https:\/\/weingut-andreas-hery.de\/?product=sauvignon-blanc-qba-2014er","title":{"rendered":"Sauvignon Blanc QbA, 2024er"},"content":{"rendered":"<ul>\n<li>Diese Rebsorte stammt urspr\u00fcnglich aus Frankreich<\/li>\n<li>Er hat ein kr\u00e4ftiges, fruchtiges Aroma, sowie ein sch\u00f6nes S\u00e4urespiel<\/li>\n<li>Geschmacksnuancen wie gr\u00fcne Paprika, Stachelbeere und Zitrone machen den typischen Geschmack aus<\/li>\n<li>In der Pfalz wurde der Sauvignon Blanc 2010 als \u201eRebsorte des Jahres\u201c ausgezeichnet<\/li>\n<li>Passt sehr gut zu Vorspeisen wie Antipasti, Fisch, Meeresfr\u00fcchte, Spargel sowie Gem\u00fcse und K\u00e4segerichte<\/li>\n<\/ul>\n<h5>0,75 L &#8211; 12,0 % vol<\/h5>\n<p>&nbsp;<\/p>\n\n<table id=\"tablepress-6\" class=\"tablepress tablepress-id-6\">\n<thead>\n<tr class=\"row-1\">\n\t<th colspan=\"2\" class=\"column-1\">N\u00e4hrwertangabe je 100 ml<\/th>\n<\/tr>\n<\/thead>\n<tbody class=\"row-striping row-hover\">\n<tr class=\"row-2\">\n\t<td class=\"column-1\">Brennwert<\/td><td class=\"column-2\">304kJ (73kcal)<\/td>\n<\/tr>\n<tr class=\"row-3\">\n\t<td class=\"column-1\">Kohlenhydrate<\/td><td class=\"column-2\">1,8g<\/td>\n<\/tr>\n<tr class=\"row-4\">\n\t<td class=\"column-1\">davon Zucker<\/td><td class=\"column-2\">1,0g<\/td>\n<\/tr>\n<tr class=\"row-5\">\n\t<td class=\"column-1\">Enth\u00e4lt geringf\u00fcgige Mengen von Fett, ges\u00e4ttigten Fetts\u00e4uren, Eiwei\u00df und Salz<br \/>\nZutaten: Trauben, Saccharose, Konservierungsstoffe und <br \/>\nAntioxidantien: Sulfite, Metaweins\u00e4ure<\/td><td class=\"column-2\"><\/td>\n<\/tr>\n<\/tbody>\n<\/table>\n<!-- #tablepress-6 from cache -->\n","protected":false},"excerpt":{"rendered":"<p>Kr\u00e4ftiges Aroma nach gr\u00fcnen Fr\u00fcchten<\/p>\n<h5>12,0 % vol.<\/h5>\n","protected":false},"featured_media":2444,"comment_status":"open","ping_status":"closed","template":"","meta":[],"product_brand":[],"product_cat":[32],"product_tag":[],"class_list":{"0":"post-70","1":"product","2":"type-product","3":"status-publish","4":"has-post-thumbnail","6":"product_cat-weissweine","8":"first","9":"instock","10":"taxable","11":"shipping-taxable","12":"purchasable","13":"product-type-simple"},"_links":{"self":[{"href":"https:\/\/weingut-andreas-hery.de\/index.php?rest_route=\/wp\/v2\/product\/70","targetHints":{"allow":["GET"]}}],"collection":[{"href":"https:\/\/weingut-andreas-hery.de\/index.php?rest_route=\/wp\/v2\/product"}],"about":[{"href":"https:\/\/weingut-andreas-hery.de\/index.php?rest_route=\/wp\/v2\/types\/product"}],"replies":[{"embeddable":true,"href":"https:\/\/weingut-andreas-hery.de\/index.php?rest_route=%2Fwp%2Fv2%2Fcomments&post=70"}],"wp:featuredmedia":[{"embeddable":true,"href":"https:\/\/weingut-andreas-hery.de\/index.php?rest_route=\/wp\/v2\/media\/2444"}],"wp:attachment":[{"href":"https:\/\/weingut-andreas-hery.de\/index.php?rest_route=%2Fwp%2Fv2%2Fmedia&parent=70"}],"wp:term":[{"taxonomy":"product_brand","embeddable":true,"href":"https:\/\/weingut-andreas-hery.de\/index.php?rest_route=%2Fwp%2Fv2%2Fproduct_brand&post=70"},{"taxonomy":"product_cat","embeddable":true,"href":"https:\/\/weingut-andreas-hery.de\/index.php?rest_route=%2Fwp%2Fv2%2Fproduct_cat&post=70"},{"taxonomy":"product_tag","embeddable":true,"href":"https:\/\/weingut-andreas-hery.de\/index.php?rest_route=%2Fwp%2Fv2%2Fproduct_tag&post=70"}],"curies":[{"name":"wp","href":"https:\/\/api.w.org\/{rel}","templated":true}]}}