{"id":72,"date":"2017-08-24T17:06:45","date_gmt":"2017-08-24T17:06:45","guid":{"rendered":"http:\/\/weingut-andreas-hery.de\/?post_type=product&#038;p=72"},"modified":"2026-05-01T05:42:25","modified_gmt":"2026-05-01T05:42:25","slug":"pinot-blanc-qba-halbtrocken-2014er","status":"publish","type":"product","link":"https:\/\/weingut-andreas-hery.de\/?product=pinot-blanc-qba-halbtrocken-2014er","title":{"rendered":"Pinot Blanc QbA halbtrocken, 2022er"},"content":{"rendered":"<ul>\n<li>Pinot blanc ist die fr\u00e4nz\u00f6sische Bezeichnung f\u00fcr Wei\u00dfburgunder<\/li>\n<li>Er ist ein frischer, gehaltvoller Wein mit weicher S\u00e4ure<\/li>\n<li>Seine Aromen erinnern an Apfel und Pfirsich sowie eine Nuance von Nuss<\/li>\n<li>Hat eine hellgelbe Farbe und einen zarten Duft<\/li>\n<li>Er ist der perfekte Essensbegleiter, f\u00fcr frische Vorspeisen und leichte Hauptgerichte<\/li>\n<\/ul>\n<h5>0,75 L &#8211; 10,5 % vol. &#8211; enth\u00e4lt Sulfite<\/h5>\n","protected":false},"excerpt":{"rendered":"<p>Feine S\u00e4ure, hellgelb, zarter Duft<\/p>\n<h5>10,5 % vol. &#8211; enth\u00e4lt Sulfite<\/h5>\n","protected":false},"featured_media":477,"comment_status":"open","ping_status":"closed","template":"","meta":[],"product_brand":[],"product_cat":[32],"product_tag":[],"class_list":{"0":"post-72","1":"product","2":"type-product","3":"status-publish","4":"has-post-thumbnail","6":"product_cat-weissweine","8":"first","9":"instock","10":"taxable","11":"shipping-taxable","12":"purchasable","13":"product-type-simple"},"_links":{"self":[{"href":"https:\/\/weingut-andreas-hery.de\/index.php?rest_route=\/wp\/v2\/product\/72","targetHints":{"allow":["GET"]}}],"collection":[{"href":"https:\/\/weingut-andreas-hery.de\/index.php?rest_route=\/wp\/v2\/product"}],"about":[{"href":"https:\/\/weingut-andreas-hery.de\/index.php?rest_route=\/wp\/v2\/types\/product"}],"replies":[{"embeddable":true,"href":"https:\/\/weingut-andreas-hery.de\/index.php?rest_route=%2Fwp%2Fv2%2Fcomments&post=72"}],"wp:featuredmedia":[{"embeddable":true,"href":"https:\/\/weingut-andreas-hery.de\/index.php?rest_route=\/wp\/v2\/media\/477"}],"wp:attachment":[{"href":"https:\/\/weingut-andreas-hery.de\/index.php?rest_route=%2Fwp%2Fv2%2Fmedia&parent=72"}],"wp:term":[{"taxonomy":"product_brand","embeddable":true,"href":"https:\/\/weingut-andreas-hery.de\/index.php?rest_route=%2Fwp%2Fv2%2Fproduct_brand&post=72"},{"taxonomy":"product_cat","embeddable":true,"href":"https:\/\/weingut-andreas-hery.de\/index.php?rest_route=%2Fwp%2Fv2%2Fproduct_cat&post=72"},{"taxonomy":"product_tag","embeddable":true,"href":"https:\/\/weingut-andreas-hery.de\/index.php?rest_route=%2Fwp%2Fv2%2Fproduct_tag&post=72"}],"curies":[{"name":"wp","href":"https:\/\/api.w.org\/{rel}","templated":true}]}}