{"id":74,"date":"2017-08-24T17:15:00","date_gmt":"2017-08-24T17:15:00","guid":{"rendered":"http:\/\/weingut-andreas-hery.de\/?post_type=product&#038;p=74"},"modified":"2026-04-19T04:04:59","modified_gmt":"2026-04-19T04:04:59","slug":"gewuerztraminer-kabinett-lieblich-2013er","status":"publish","type":"product","link":"https:\/\/weingut-andreas-hery.de\/?product=gewuerztraminer-kabinett-lieblich-2013er","title":{"rendered":"Gew\u00fcrztraminer kabinett lieblich, 2023er"},"content":{"rendered":"<ul>\n<li>Eine Wei\u00dfweinsorte mit r\u00f6tlich gef\u00e4rbten Beeren<\/li>\n<li>Er ist s\u00e4urearm und hat einen w\u00fcrzigen, blumigen Duft<\/li>\n<li>Der Name stammt aus Tramin in S\u00fcdtirol<\/li>\n<li>Er spiegelt sich im Glas goldgelb und hat eine aromatische Geschmacksfarbe<\/li>\n<li>Gew\u00fcrztraminer ist ein perfekter Dessertwein und passt auch gut zu asiatischen und franz\u00f6sischen Gerichten<\/li>\n<\/ul>\n<h5>0,75 L &#8211; 10,5 % vol. &#8211; enth\u00e4lt Sulfite<\/h5>\n","protected":false},"excerpt":{"rendered":"<p>Aromatisch, w\u00fcrzig, blumig<\/p>\n<h5>10,5 % vol. &#8211; enth\u00e4lt Sulfite<\/h5>\n","protected":false},"featured_media":2369,"comment_status":"open","ping_status":"closed","template":"","meta":[],"product_brand":[],"product_cat":[32],"product_tag":[],"class_list":{"0":"post-74","1":"product","2":"type-product","3":"status-publish","4":"has-post-thumbnail","6":"product_cat-weissweine","8":"first","9":"instock","10":"taxable","11":"shipping-taxable","12":"purchasable","13":"product-type-simple"},"_links":{"self":[{"href":"https:\/\/weingut-andreas-hery.de\/index.php?rest_route=\/wp\/v2\/product\/74","targetHints":{"allow":["GET"]}}],"collection":[{"href":"https:\/\/weingut-andreas-hery.de\/index.php?rest_route=\/wp\/v2\/product"}],"about":[{"href":"https:\/\/weingut-andreas-hery.de\/index.php?rest_route=\/wp\/v2\/types\/product"}],"replies":[{"embeddable":true,"href":"https:\/\/weingut-andreas-hery.de\/index.php?rest_route=%2Fwp%2Fv2%2Fcomments&post=74"}],"wp:featuredmedia":[{"embeddable":true,"href":"https:\/\/weingut-andreas-hery.de\/index.php?rest_route=\/wp\/v2\/media\/2369"}],"wp:attachment":[{"href":"https:\/\/weingut-andreas-hery.de\/index.php?rest_route=%2Fwp%2Fv2%2Fmedia&parent=74"}],"wp:term":[{"taxonomy":"product_brand","embeddable":true,"href":"https:\/\/weingut-andreas-hery.de\/index.php?rest_route=%2Fwp%2Fv2%2Fproduct_brand&post=74"},{"taxonomy":"product_cat","embeddable":true,"href":"https:\/\/weingut-andreas-hery.de\/index.php?rest_route=%2Fwp%2Fv2%2Fproduct_cat&post=74"},{"taxonomy":"product_tag","embeddable":true,"href":"https:\/\/weingut-andreas-hery.de\/index.php?rest_route=%2Fwp%2Fv2%2Fproduct_tag&post=74"}],"curies":[{"name":"wp","href":"https:\/\/api.w.org\/{rel}","templated":true}]}}