{"id":90,"date":"2017-08-26T07:13:17","date_gmt":"2017-08-26T07:13:17","guid":{"rendered":"http:\/\/weingut-andreas-hery.de\/?post_type=product&#038;p=90"},"modified":"2025-11-11T06:47:21","modified_gmt":"2025-11-11T06:47:21","slug":"portugieser-weissherbst-qba-halbtrocken-2015er-075-l","status":"publish","type":"product","link":"https:\/\/weingut-andreas-hery.de\/?product=portugieser-weissherbst-qba-halbtrocken-2015er-075-l","title":{"rendered":"Portugieser rose QbA halbtrocken, 2021er, 0,75 l"},"content":{"rendered":"<ul>\n<li>1772 gez\u00fcchtet in \u00d6sterreich<\/li>\n<li>Der Wein gilt als s\u00fcffig, frisch und vollmundig und weist ein sch\u00f6nes Beerenaroma auf<\/li>\n<li>Wird in der Pfalz als Schoppenwein verwendet<\/li>\n<li>Eignet sich gut zu gegrilltem Fleisch, w\u00fcrzigen Speisen oder\u00a0 italienischen Gerichten<\/li>\n<\/ul>\n<h5>0,75 L &#8211; 11 % vol. &#8211; enth\u00e4lt Sulfite<\/h5>\n","protected":false},"excerpt":{"rendered":"<p>S\u00fcffig, frisch, sch\u00f6nes Fruchtspiel, milde S\u00e4ure<\/p>\n<h5>12 % vol. &#8211; enth\u00e4lt Sulfite<\/h5>\n","protected":false},"featured_media":907,"comment_status":"open","ping_status":"closed","template":"","meta":[],"product_brand":[],"product_cat":[35],"product_tag":[],"class_list":{"0":"post-90","1":"product","2":"type-product","3":"status-publish","4":"has-post-thumbnail","6":"product_cat-weissherbst","8":"first","9":"outofstock","10":"taxable","11":"shipping-taxable","12":"purchasable","13":"product-type-simple"},"_links":{"self":[{"href":"https:\/\/weingut-andreas-hery.de\/index.php?rest_route=\/wp\/v2\/product\/90","targetHints":{"allow":["GET"]}}],"collection":[{"href":"https:\/\/weingut-andreas-hery.de\/index.php?rest_route=\/wp\/v2\/product"}],"about":[{"href":"https:\/\/weingut-andreas-hery.de\/index.php?rest_route=\/wp\/v2\/types\/product"}],"replies":[{"embeddable":true,"href":"https:\/\/weingut-andreas-hery.de\/index.php?rest_route=%2Fwp%2Fv2%2Fcomments&post=90"}],"wp:featuredmedia":[{"embeddable":true,"href":"https:\/\/weingut-andreas-hery.de\/index.php?rest_route=\/wp\/v2\/media\/907"}],"wp:attachment":[{"href":"https:\/\/weingut-andreas-hery.de\/index.php?rest_route=%2Fwp%2Fv2%2Fmedia&parent=90"}],"wp:term":[{"taxonomy":"product_brand","embeddable":true,"href":"https:\/\/weingut-andreas-hery.de\/index.php?rest_route=%2Fwp%2Fv2%2Fproduct_brand&post=90"},{"taxonomy":"product_cat","embeddable":true,"href":"https:\/\/weingut-andreas-hery.de\/index.php?rest_route=%2Fwp%2Fv2%2Fproduct_cat&post=90"},{"taxonomy":"product_tag","embeddable":true,"href":"https:\/\/weingut-andreas-hery.de\/index.php?rest_route=%2Fwp%2Fv2%2Fproduct_tag&post=90"}],"curies":[{"name":"wp","href":"https:\/\/api.w.org\/{rel}","templated":true}]}}