{"id":914,"date":"2020-07-06T07:07:43","date_gmt":"2020-07-06T07:07:43","guid":{"rendered":"https:\/\/weingut-andreas-hery.de\/?post_type=product&#038;p=914"},"modified":"2026-04-14T03:47:18","modified_gmt":"2026-04-14T03:47:18","slug":"sommer-geniesser-paket","status":"publish","type":"product","link":"https:\/\/weingut-andreas-hery.de\/?product=sommer-geniesser-paket","title":{"rendered":"Sommer-Genie\u00dfer-Paket"},"content":{"rendered":"<h5><strong>Dieses Paket bietet sechs fruchtige Sommerbegleiter. Zwei Flaschen Secco, in wei\u00df und ros\u00e9 sind fruchtig, prickelnde Sommergetr\u00e4nke. Auch ein fruchtiger Portugieser Ros\u00e9 mit milder S\u00e4ure, ein Riesling mit tollen Zitrus-und Apfelaroma, ein Souvignier gris, der nach Pfirsich duftet, sowie ein mit ausgepr\u00e4gtem Muskatgeschmack Gelber Muskateller sind in dem Paket enthalten.<\/strong><\/h5>\n<h3>Riesling-Ruppertsberger Nu\u00dfbien<\/h3>\n<ul>\n<li>Er wird am Fu\u00dfe des Pf\u00e4lzer Waldes, an der angesehen Lage &#8222;Ruppertsberger Nu\u00dfbien&#8220; angebaut<\/li>\n<li>Kein anderes Land steht so f\u00fcr den Riesling wie Deutschland<\/li>\n<li>Gez\u00fcchtet wurde er 1435<\/li>\n<li>Er hat eine sch\u00f6ne S\u00e4ure und zeichnet sich durch sein Zitrus-und Apfelaromen aus<\/li>\n<li>Er eignet sich sehr gut zu leichten Gerichten wie Fisch, Spargel, Fleisch sowie Pasta<\/li>\n<\/ul>\n<h5>0,75 L &#8211; 12,5 % vol. &#8211; enth\u00e4lt Sulfite<\/h5>\n<h3>Secco &#8222;Madlen&#8220; (wei\u00df)<\/h3>\n<ul>\n<li>Ein fruchtig, spritzig, prickelndes Sommergetr\u00e4nk<\/li>\n<li>Secco ist Wein mit zugesetzter Kohlens\u00e4ure<\/li>\n<li>Wird aus Riesling hergestellt<\/li>\n<li>Wird halbtrocken ausgebaut<\/li>\n<li>Ist nach unserer Tochter Madlen benannt!<\/li>\n<li>Eignet sich f\u00fcr viele Gelegenheiten, z.B. als Aperitif oder auch zu Eis oder Sorbet oder als Grundlage f\u00fcr Cocktails<\/li>\n<\/ul>\n<h5>0,75 L &#8211; 10 % vol. &#8211; enth\u00e4lt Sulfite<\/h5>\n<h3>Secco &#8222;Paul&#8220; (rose)<\/h3>\n<ul>\n<li>Ein fruchtig-spritziges Sommergetr\u00e4nk<\/li>\n<li>Secco ist Wein mit zusetzter Kohlens\u00e4ure<\/li>\n<li>Wird aus Portugieser oder Dornfelder hergestellt<\/li>\n<li>Der Secco wird halbtrocken ausgebaut<\/li>\n<li>Ist nach unserem Sohn Paul benannt!<\/li>\n<li>Eignet sich zu vielen Gelegenheiten, z.B. als Aperitif oder auch zu Nachtischen sowie als Grundlage f\u00fcr Cocktails<\/li>\n<\/ul>\n<h5>0,75 L &#8211; 10,5 % vol. &#8211; enth\u00e4lt Sulfite<\/h5>\n<h3 class=\"western\">Gelber Muskateller QbA<\/h3>\n<ul>\n<li class=\"western\">Sehr alte, hochwertige, weltweit verbreitete Rebsorte<\/li>\n<li class=\"western\">Das Aroma der saftigen Beeren hat einen ausgepr\u00e4gten Muskatgeschmack<\/li>\n<li class=\"western\">Pfirsich-und Orangearomen<\/li>\n<li class=\"western\">Sch\u00f6ner Sommerwein<\/li>\n<li class=\"western\">Schmeckt sehr gut zu s\u00fc\u00dfen Speisen<\/li>\n<\/ul>\n<h5>o,75 L &#8211; 7,5 % vol. &#8211; enth\u00e4lt Sulfite<\/h5>\n<h3 class=\"western\">Souvignier gris<\/h3>\n<ul>\n<li>Souvignier gris ist eine PiWi-Sorte, d.h. sie ist eine pilzwiderstandsf\u00e4hige Wei\u00dfweinsorte, bei der keine Pflanzenschutzma\u00dfnahmen notwendig sind<\/li>\n<li>Er duftet nach Melone, Quitte und Pfirsich<\/li>\n<li>feine Rests\u00fc\u00dfe und milde S\u00e4ure<\/li>\n<li>Er ist sehr vielseitig und passt somit zu herzhaften aber auch zu s\u00fc\u00dflichen Speisen<\/li>\n<\/ul>\n<h5>o,75 L &#8211; 9,5 % vol. &#8211; enth\u00e4lt Sulfite<\/h5>\n<h3 class=\"western\">Portugieser Ros\u00e9 QbA halbtrocken<\/h3>\n<ul>\n<li>1772 gez\u00fcchtet in \u00d6sterreich<\/li>\n<li>Der Wein gilt als s\u00fcffig, frisch und vollmundig und weist ein sch\u00f6nes Beerenaroma auf<\/li>\n<li>Wird in der Pfalz als Schoppenwein verwendet<\/li>\n<li>Eignet sich gut zu gegrilltem Fleisch, w\u00fcrzigen Speisen oder\u00a0 italienischen Gerichten<\/li>\n<\/ul>\n<h5>o,75 L &#8211; 11 % vol. &#8211; enth\u00e4lt Sulfite<\/h5>\n<h5><\/h5>\n","protected":false},"excerpt":{"rendered":"<p>In diesem Paket ist die sommerliche Vielfalt aus der sch\u00f6nen S\u00fcdpfalz. Es bietet f\u00fcr die verschiedensten Gelegenheiten den passenden Tropfen, denn diese bringen kr\u00e4ftige Aromen, prickelnde Frische und fruchtige Vielfalt mit.<\/p>\n<p>Je eine Flasche Riesling Classic, Secco Madlen ,Secco Paul, Gelber Muskateller, Grauer Burgunder halbtrocken und Portugieser Ros\u00e9<\/p>\n","protected":false},"featured_media":2052,"comment_status":"open","ping_status":"closed","template":"","meta":[],"product_brand":[],"product_cat":[73,36,35,32],"product_tag":[],"class_list":{"0":"post-914","1":"product","2":"type-product","3":"status-publish","4":"has-post-thumbnail","6":"product_cat-probierpakete","7":"product_cat-sekt-secco","8":"product_cat-weissherbst","9":"product_cat-weissweine","11":"first","12":"instock","13":"taxable","14":"shipping-taxable","15":"purchasable","16":"product-type-simple"},"_links":{"self":[{"href":"https:\/\/weingut-andreas-hery.de\/index.php?rest_route=\/wp\/v2\/product\/914","targetHints":{"allow":["GET"]}}],"collection":[{"href":"https:\/\/weingut-andreas-hery.de\/index.php?rest_route=\/wp\/v2\/product"}],"about":[{"href":"https:\/\/weingut-andreas-hery.de\/index.php?rest_route=\/wp\/v2\/types\/product"}],"replies":[{"embeddable":true,"href":"https:\/\/weingut-andreas-hery.de\/index.php?rest_route=%2Fwp%2Fv2%2Fcomments&post=914"}],"wp:featuredmedia":[{"embeddable":true,"href":"https:\/\/weingut-andreas-hery.de\/index.php?rest_route=\/wp\/v2\/media\/2052"}],"wp:attachment":[{"href":"https:\/\/weingut-andreas-hery.de\/index.php?rest_route=%2Fwp%2Fv2%2Fmedia&parent=914"}],"wp:term":[{"taxonomy":"product_brand","embeddable":true,"href":"https:\/\/weingut-andreas-hery.de\/index.php?rest_route=%2Fwp%2Fv2%2Fproduct_brand&post=914"},{"taxonomy":"product_cat","embeddable":true,"href":"https:\/\/weingut-andreas-hery.de\/index.php?rest_route=%2Fwp%2Fv2%2Fproduct_cat&post=914"},{"taxonomy":"product_tag","embeddable":true,"href":"https:\/\/weingut-andreas-hery.de\/index.php?rest_route=%2Fwp%2Fv2%2Fproduct_tag&post=914"}],"curies":[{"name":"wp","href":"https:\/\/api.w.org\/{rel}","templated":true}]}}