{"id":918,"date":"2020-07-11T05:56:57","date_gmt":"2020-07-11T05:56:57","guid":{"rendered":"https:\/\/weingut-andreas-hery.de\/?post_type=product&#038;p=918"},"modified":"2026-05-13T07:21:23","modified_gmt":"2026-05-13T07:21:23","slug":"winter-geniesser-paket","status":"publish","type":"product","link":"https:\/\/weingut-andreas-hery.de\/?product=winter-geniesser-paket","title":{"rendered":"Winter-Genie\u00dfer-Paket"},"content":{"rendered":"<h5><strong>Dieses Paket beinhaltet 5 Flaschen Rotwein. Der gehaltvolle Regent, der vollmundige nach Beeren duftende Dornfelder, der kr\u00e4ftige Cabernet Mitos , den w\u00fcrzigen St. Laurent ,sowie der im Eichenfass ausgebaute Barriquewein Dunkelfelder. Diese sind perfekt f\u00fcr die kalten Winterabende. <\/strong><\/h5>\n<h3 class=\"western\">Dunkelfelder Rotwein QbA trocken, im Barrique gereift<\/h3>\n<ul>\n<li>Wurde Anfang des 20. Jahrhunderts\u00a0 gez\u00fcchtet<\/li>\n<li>Der Wein hat eine kr\u00e4ftige dunkelrote Farbe, ist kr\u00e4ftig und ausdrucksstark im Geschmack und zeichnet sich durch seine feinen Holzaromen aus<\/li>\n<li>Eignet sich gut zu dunklem Fleisch, Wild und K\u00e4se<\/li>\n<\/ul>\n<h5 class=\"western\">0,75 L \u2013 13 % vol. \u2013 enth\u00e4lt Sulfite<\/h5>\n<h3 class=\"western\">Cabernet Mitos QbA trocken<\/h3>\n<ul>\n<li>Seit 2001 wird diese Rebsorte angebaut<\/li>\n<li>Die Traubenschalen und das Fruchtfleisch sind dunkelrot, was sich in der kr\u00e4ftigen Farbe des Weines wiederspiegelt.<\/li>\n<li>Er ist sehr vollmundig, fruchtig und kraftvoll. Er erinnert an den Geschmack nach schwarzer Johannisbeere und Brombeere<\/li>\n<li>Ein sch\u00f6ner, kr\u00e4ftiger, trockener Rotwein, der ein guter Essensbegleiter f\u00fcr Wild , Braten oder K\u00e4se ist.<\/li>\n<\/ul>\n<h5 class=\"western\">0,75 L \u2013 14,0 % vol. \u2013 enth\u00e4lt Sulfite<\/h5>\n<h3 class=\"western\">Dornfelder Rotwein QbA trocken<\/h3>\n<ul>\n<li>1955 gez\u00fcchtet<\/li>\n<li>Der Wein zeichnet sich durch sein nach dunklen Beeren und Kirschenaroma aus und hat wenig S\u00e4ure<\/li>\n<li>Er ist vollmundig und fruchtig im Geschmack<\/li>\n<li>Eignet sich gut zum Braten, Wild, K\u00e4se und Pizza<\/li>\n<\/ul>\n<h5 class=\"western\">0,75 L \u2013 12,5 % vol. \u2013 enth\u00e4lt Sulfite<\/h5>\n<h3 class=\"western\">Regent Rotwein QbA halbtrocken<\/h3>\n<ul>\n<li>1967 gez\u00fcchtet, also noch eine junge Rebsorte<\/li>\n<li>Farbintensive, kr\u00e4ftige Traube (Beerensaft rot)<\/li>\n<li>Geringe S\u00e4ure, gehaltvoll und weich im Abgang<\/li>\n<li>Pilztolerante Sorte<\/li>\n<li>Typisch f\u00fcr ihn ist sein ausgepr\u00e4ter Beerenduft vorallem nach Brombeere und Cassis<\/li>\n<li>Sp\u00e4treife Sorte<\/li>\n<li>Er passt gut zu Fleisch mit dunkler So\u00dfe, mediterranen Gerichten oder K\u00e4se<\/li>\n<\/ul>\n<h5 class=\"western\">0,75 L \u2013 12,5 % vol. \u2013 enth\u00e4lt Sulfite<\/h5>\n<h3 class=\"western\">St. Laurent<\/h3>\n<ul>\n<li>Johanniter ist eine PiWi-Sorte, d.h. sie ist eine pilzwiderst\u00e4ndige Wei\u00dfweinsorte, bei der keine Pflanzenschutzma\u00dfnahmen notwendig sind.<\/li>\n<li>Der Wein ist kr\u00e4ftig und fruchtig<\/li>\n<li>Er hat eine angehme S\u00e4ure<\/li>\n<li>Apfel- und Pfirsicharomensalat<\/li>\n<\/ul>\n<h5>0,75 L -11,5 % vol. &#8211; enth\u00e4lt Sulfite<\/h5>\n<p>&nbsp;<\/p>\n\n<table id=\"tablepress-11\" class=\"tablepress tablepress-id-11\">\n<thead>\n<tr class=\"row-1\">\n\t<th colspan=\"2\" class=\"column-1\">N\u00e4hrwertangabe je 100 ml<\/th>\n<\/tr>\n<\/thead>\n<tbody class=\"row-striping row-hover\">\n<tr class=\"row-2\">\n\t<td class=\"column-1\">Brennwert<\/td><td class=\"column-2\">384kJ(83kcal)<\/td>\n<\/tr>\n<tr class=\"row-3\">\n\t<td class=\"column-1\">Kohlenhydrate<\/td><td class=\"column-2\">2,5g<\/td>\n<\/tr>\n<tr class=\"row-4\">\n\t<td class=\"column-1\">davon Zucker<\/td><td class=\"column-2\">1,8g<\/td>\n<\/tr>\n<tr class=\"row-5\">\n\t<td class=\"column-1\">Enth\u00e4lt geringf\u00fcgige Mengen von Fett, ges\u00e4ttigten Fetts\u00e4uren, Eiwei\u00df und Salz<br \/>\nZutaten: Trauben, Saccharose, Konservierungsstoffe und <br \/>\nAntioxidantien: Sulfite, Metaweins\u00e4ure<\/td><td class=\"column-2\"><\/td>\n<\/tr>\n<\/tbody>\n<\/table>\n<!-- #tablepress-11 from cache -->\n<h5><\/h5>\n","protected":false},"excerpt":{"rendered":"<p>In diesem Paket befinden sich die optimalen Begleiter f\u00fcr gem\u00fctliche Winterstunden mit oder ohne Kamin. Mit ihren kr\u00e4ftigen, fruchtigen \u00a0Kirsch- und Beerenaromen sowie den ausdrucksstarken Charakteren, eignen sie sich perfekt f\u00fcr Fleischgerichte oder K\u00e4sevarianten.<\/p>\n<p>Dunkelfelder Barrique, Cabernet Mitos, Dornfelder trocken, Regent, St. Laurent, jeweils in der 0,75 L-Flasche<\/p>\n","protected":false},"featured_media":2632,"comment_status":"open","ping_status":"closed","template":"","meta":[],"product_brand":[],"product_cat":[73,34],"product_tag":[],"class_list":{"0":"post-918","1":"product","2":"type-product","3":"status-publish","4":"has-post-thumbnail","6":"product_cat-probierpakete","7":"product_cat-rotweine","9":"first","10":"instock","11":"taxable","12":"shipping-taxable","13":"purchasable","14":"product-type-simple"},"_links":{"self":[{"href":"https:\/\/weingut-andreas-hery.de\/index.php?rest_route=\/wp\/v2\/product\/918","targetHints":{"allow":["GET"]}}],"collection":[{"href":"https:\/\/weingut-andreas-hery.de\/index.php?rest_route=\/wp\/v2\/product"}],"about":[{"href":"https:\/\/weingut-andreas-hery.de\/index.php?rest_route=\/wp\/v2\/types\/product"}],"replies":[{"embeddable":true,"href":"https:\/\/weingut-andreas-hery.de\/index.php?rest_route=%2Fwp%2Fv2%2Fcomments&post=918"}],"wp:featuredmedia":[{"embeddable":true,"href":"https:\/\/weingut-andreas-hery.de\/index.php?rest_route=\/wp\/v2\/media\/2632"}],"wp:attachment":[{"href":"https:\/\/weingut-andreas-hery.de\/index.php?rest_route=%2Fwp%2Fv2%2Fmedia&parent=918"}],"wp:term":[{"taxonomy":"product_brand","embeddable":true,"href":"https:\/\/weingut-andreas-hery.de\/index.php?rest_route=%2Fwp%2Fv2%2Fproduct_brand&post=918"},{"taxonomy":"product_cat","embeddable":true,"href":"https:\/\/weingut-andreas-hery.de\/index.php?rest_route=%2Fwp%2Fv2%2Fproduct_cat&post=918"},{"taxonomy":"product_tag","embeddable":true,"href":"https:\/\/weingut-andreas-hery.de\/index.php?rest_route=%2Fwp%2Fv2%2Fproduct_tag&post=918"}],"curies":[{"name":"wp","href":"https:\/\/api.w.org\/{rel}","templated":true}]}}