{"id":919,"date":"2020-07-11T06:09:55","date_gmt":"2020-07-11T06:09:55","guid":{"rendered":"https:\/\/weingut-andreas-hery.de\/?post_type=product&#038;p=919"},"modified":"2026-05-01T05:42:24","modified_gmt":"2026-05-01T05:42:24","slug":"weinpaket-spargelzeit","status":"publish","type":"product","link":"https:\/\/weingut-andreas-hery.de\/?product=weinpaket-spargelzeit","title":{"rendered":"Weinpaket &#8222;Spargelzeit&#8220;"},"content":{"rendered":"<h5><strong>Dieses Paket beinhaltet f\u00fcnf verschiedene Weine, die perfekt in die Spargelzeit passen. Je eine Flasche Riesling, der typisch f\u00fcr seine Zitrus-und Apfelaromen ist, den Sauvignon blanc, der ein kr\u00e4ftiges, fruchtiges Aroma aufweist,\u00a0 den s\u00e4urearmen, aromatischen Grauen Burgunder, den Cuvee 20, der eine sch\u00f6ne S\u00e4ure aufweist sowie den Johanniter mit Apfel-und Pfirsicharomen.<\/strong><\/h5>\n<h3 class=\"western\">Riesling -Ruppertsberger Nu\u00dfbien<\/h3>\n<ul>\n<li>Er wird am Fu\u00dfe des Pf\u00e4lzer Waldes, an der angesehen Lage &#8222;Ruppertsberger Nu\u00dfbien&#8220; angebaut<\/li>\n<li>Kein anderes Land steht so f\u00fcr den Riesling wie Deutschland<\/li>\n<li>Gez\u00fcchtet wurde er 1435<\/li>\n<li>Er hat eine sch\u00f6ne S\u00e4ure und zeichnet sich durch sein Zitrus-und Apfelaromen aus<\/li>\n<li>Er eignet sich sehr gut zu leichten Gerichten wie Fisch, Spargel, Fleisch sowie Pasta<\/li>\n<\/ul>\n<h5 class=\"western\">0,75 L \u2013 12,5 % vol. \u2013 enth\u00e4lt Sulfite<\/h5>\n<h3 class=\"western\">Sauvignon Blanc QbA<\/h3>\n<ul>\n<li>Diese Rebsorte stammt urspr\u00fcnglich aus Frankreich<\/li>\n<li>Er hat ein kr\u00e4ftiges, fruchtiges Aroma, sowie ein sch\u00f6nes S\u00e4urespiel<\/li>\n<li>Geschmacksnuancen wie gr\u00fcne Paprika, Stachelbeere und Zitrone machen den typischen Geschmack aus<\/li>\n<li>In der Pfalz wurde der Sauvignon Blanc 2010 als \u201eRebsorte des Jahres\u201c ausgezeichnet<\/li>\n<li>Passt sehr gut zu Vorspeisen wie Antipasti, Fisch, Meeresfr\u00fcchte, Spargel sowie Gem\u00fcse und K\u00e4segerichte<\/li>\n<\/ul>\n<h5 class=\"western\">0,75 L \u2013 12,5 % vol. \u2013 enth\u00e4lt Sulfite<\/h5>\n<h3>Grauer Burgunder trocken<\/h3>\n<ul>\n<li>Wurde fr\u00fcher als Rul\u00e4nder und heute auch gerne als Pinot Grigio bezeichnet<\/li>\n<li>1711 aus Frankreich nach Deutschland gebracht<\/li>\n<li>S\u00e4urearmer, \u201cfrischer\u201c Wein mit sch\u00f6nen Aromen wie Apfel, Birne und N\u00fcsse<\/li>\n<li>Man trinkt ihn als Aperitif, zu Fischgerichten, Pasta und K\u00e4se<\/li>\n<\/ul>\n<h5>0,75 L &#8211; 13 % vol. &#8211; enth\u00e4lt Sulfite<\/h5>\n<h3>Cuv\u00e9e 20<\/h3>\n<ul>\n<li>20 j\u00e4hriger Jubil\u00e4umswein<\/li>\n<li>Unser Cuv\u00e9e ist ein Zusammenspiel zwischen Chardonnay, Morio und Silvaner<\/li>\n<li>Er hat eine sch\u00f6ne S\u00e4ure und zeichnet sich durch die Vielfalt der Aromen aus<\/li>\n<li>Er eignet sich hervorragend zu Pasta, Fleisch und leichten Gerichten<\/li>\n<\/ul>\n<h5>0,75 L &#8211; 11,0 % vol.<\/h5>\n<p>&nbsp;<\/p>\n\n<table id=\"tablepress-3\" class=\"tablepress tablepress-id-3\">\n<thead>\n<tr class=\"row-1\">\n\t<th colspan=\"2\" class=\"column-1\">N\u00e4hrwertangabe je 100 ml<\/th>\n<\/tr>\n<\/thead>\n<tbody class=\"row-striping row-hover\">\n<tr class=\"row-2\">\n\t<td class=\"column-1\">Brennwert<\/td><td class=\"column-2\">304 kJ (73 kcal)<\/td>\n<\/tr>\n<tr class=\"row-3\">\n\t<td class=\"column-1\">Kohlenhydrate<\/td><td class=\"column-2\">3,2 g<\/td>\n<\/tr>\n<tr class=\"row-4\">\n\t<td class=\"column-1\">davon Zucker<\/td><td class=\"column-2\">2,3 g<\/td>\n<\/tr>\n<tr class=\"row-5\">\n\t<td class=\"column-1\">Enth\u00e4lt geringf\u00fcgige Mengen von Fett, ges\u00e4ttigten Fetts\u00e4uren, Eiwei\u00df und Salz<br \/>\nZutaten: Trauben, Saccharose, Konservierungsstoffe und <br \/>\nAntioxidantien: Sulfite, Metaweins\u00e4ure<\/td><td class=\"column-2\"><\/td>\n<\/tr>\n<\/tbody>\n<\/table>\n<!-- #tablepress-3 from cache -->\n<h3>Johanniter<\/h3>\n<ul>\n<li>Johanniter ist eine PiWi-Sorte, d.h. sie ist eine pilzwiderst\u00e4ndige Wei\u00dfweinsorte, bei der keine Pflanzenschutzma\u00dfnahmen notwendig sind.<\/li>\n<li>Der Wein ist kr\u00e4ftig und fruchtig<\/li>\n<li>Er hat eine angehme S\u00e4ure<\/li>\n<li>Apfel- und Pfirsicharomensalat<\/li>\n<\/ul>\n<h5>0,75 L -13 % vol. &#8211; enth\u00e4lt Sulfite<\/h5>\n<p>&nbsp;<\/p>\n\n<table id=\"tablepress-11\" class=\"tablepress tablepress-id-11\">\n<thead>\n<tr class=\"row-1\">\n\t<th colspan=\"2\" class=\"column-1\">N\u00e4hrwertangabe je 100 ml<\/th>\n<\/tr>\n<\/thead>\n<tbody class=\"row-striping row-hover\">\n<tr class=\"row-2\">\n\t<td class=\"column-1\">Brennwert<\/td><td class=\"column-2\">384kJ(83kcal)<\/td>\n<\/tr>\n<tr class=\"row-3\">\n\t<td class=\"column-1\">Kohlenhydrate<\/td><td class=\"column-2\">2,5g<\/td>\n<\/tr>\n<tr class=\"row-4\">\n\t<td class=\"column-1\">davon Zucker<\/td><td class=\"column-2\">1,8g<\/td>\n<\/tr>\n<tr class=\"row-5\">\n\t<td class=\"column-1\">Enth\u00e4lt geringf\u00fcgige Mengen von Fett, ges\u00e4ttigten Fetts\u00e4uren, Eiwei\u00df und Salz<br \/>\nZutaten: Trauben, Saccharose, Konservierungsstoffe und <br \/>\nAntioxidantien: Sulfite, Metaweins\u00e4ure<\/td><td class=\"column-2\"><\/td>\n<\/tr>\n<\/tbody>\n<\/table>\n<!-- #tablepress-11 from cache -->\n<p>&nbsp;<\/p>\n<h5><\/h5>\n","protected":false},"excerpt":{"rendered":"<p>In diesem Paket befinden sich 5 perfekte Begleiter f\u00fcr die Spargelsaison. Mit ihrer fruchtigen, frischen Pr\u00e4senz passen sie bestens zu dem Aroma des Spargels.<\/p>\n<p>Riesling &#8211; Ruppertsberger Nu\u00dfbien, Sauvingnon blanc QBA, Grauer Burgunder trocken, Cuv\u00e9e 20 und Johanniter, jeweils in der 0,75 L-Flasche<\/p>\n","protected":false},"featured_media":2631,"comment_status":"open","ping_status":"closed","template":"","meta":[],"product_brand":[],"product_cat":[73,32],"product_tag":[],"class_list":{"0":"post-919","1":"product","2":"type-product","3":"status-publish","4":"has-post-thumbnail","6":"product_cat-probierpakete","7":"product_cat-weissweine","9":"first","10":"instock","11":"taxable","12":"shipping-taxable","13":"purchasable","14":"product-type-simple"},"_links":{"self":[{"href":"https:\/\/weingut-andreas-hery.de\/index.php?rest_route=\/wp\/v2\/product\/919","targetHints":{"allow":["GET"]}}],"collection":[{"href":"https:\/\/weingut-andreas-hery.de\/index.php?rest_route=\/wp\/v2\/product"}],"about":[{"href":"https:\/\/weingut-andreas-hery.de\/index.php?rest_route=\/wp\/v2\/types\/product"}],"replies":[{"embeddable":true,"href":"https:\/\/weingut-andreas-hery.de\/index.php?rest_route=%2Fwp%2Fv2%2Fcomments&post=919"}],"wp:featuredmedia":[{"embeddable":true,"href":"https:\/\/weingut-andreas-hery.de\/index.php?rest_route=\/wp\/v2\/media\/2631"}],"wp:attachment":[{"href":"https:\/\/weingut-andreas-hery.de\/index.php?rest_route=%2Fwp%2Fv2%2Fmedia&parent=919"}],"wp:term":[{"taxonomy":"product_brand","embeddable":true,"href":"https:\/\/weingut-andreas-hery.de\/index.php?rest_route=%2Fwp%2Fv2%2Fproduct_brand&post=919"},{"taxonomy":"product_cat","embeddable":true,"href":"https:\/\/weingut-andreas-hery.de\/index.php?rest_route=%2Fwp%2Fv2%2Fproduct_cat&post=919"},{"taxonomy":"product_tag","embeddable":true,"href":"https:\/\/weingut-andreas-hery.de\/index.php?rest_route=%2Fwp%2Fv2%2Fproduct_tag&post=919"}],"curies":[{"name":"wp","href":"https:\/\/api.w.org\/{rel}","templated":true}]}}